{"id":7759,"date":"2025-08-15T10:24:56","date_gmt":"2025-08-15T10:24:56","guid":{"rendered":"https:\/\/highprocstruc.com\/?page_id=7759"},"modified":"2025-08-30T05:35:22","modified_gmt":"2025-08-30T05:35:22","slug":"contact","status":"publish","type":"page","link":"https:\/\/highprocstruc.com\/de\/contact\/","title":{"rendered":"Contact"},"content":{"rendered":"\t\t<div data-elementor-type=\"wp-page\" data-elementor-id=\"7759\" class=\"elementor elementor-7759\">\n\t\t\t\t<div class=\"elementor-element elementor-element-1ba749d e-flex e-con-boxed e-con e-parent\" data-id=\"1ba749d\" data-element_type=\"container\" data-settings=\"{&quot;wdb_enable_cursor_hover_effect_text&quot;:&quot;View&quot;,&quot;background_background&quot;:&quot;gradient&quot;}\">\n\t\t\t\t\t<div class=\"e-con-inner\">\n\t\t<div class=\"elementor-element elementor-element-014bcf1 e-con-full e-flex e-con e-child\" data-id=\"014bcf1\" data-element_type=\"container\" data-settings=\"{&quot;wdb_enable_cursor_hover_effect_text&quot;:&quot;View&quot;}\">\n\t\t<div class=\"elementor-element elementor-element-0d8e462 e-con-full e-flex e-con e-child\" data-id=\"0d8e462\" data-element_type=\"container\" data-settings=\"{&quot;wdb_enable_cursor_hover_effect_text&quot;:&quot;View&quot;}\">\n\t\t<div class=\"elementor-element elementor-element-5e16a6a e-con-full e-flex e-con e-child\" data-id=\"5e16a6a\" data-element_type=\"container\" data-settings=\"{&quot;wdb_enable_cursor_hover_effect_text&quot;:&quot;View&quot;}\">\n\t\t\t\t<div class=\"elementor-element elementor-element-b774edc elementor-widget__width-initial elementor-widget-tablet__width-inherit elementor-widget elementor-widget-heading\" data-id=\"b774edc\" data-element_type=\"widget\" data-widget_type=\"heading.default\">\n\t\t\t\t\t<p class=\"elementor-heading-title elementor-size-default\"> highprocstruc<\/p>\t\t\t\t<\/div>\n\t\t\t\t<div class=\"elementor-element elementor-element-6e95930 elementor-widget__width-initial elementor-widget-tablet__width-inherit elementor-widget elementor-widget-heading\" data-id=\"6e95930\" data-element_type=\"widget\" data-widget_type=\"heading.default\">\n\t\t\t\t\t<p class=\"elementor-heading-title elementor-size-default\">Kontakt<\/p>\t\t\t\t<\/div>\n\t\t\t\t<\/div>\n\t\t<div class=\"elementor-element elementor-element-6ffaa36 e-con-full e-flex e-con e-child\" data-id=\"6ffaa36\" data-element_type=\"container\" data-settings=\"{&quot;wdb_enable_cursor_hover_effect_text&quot;:&quot;View&quot;}\">\n\t\t\t\t<div class=\"elementor-element elementor-element-78924af elementor-widget-mobile__width-inherit elementor-widget elementor-widget-text-editor\" data-id=\"78924af\" data-element_type=\"widget\" data-widget_type=\"text-editor.default\">\n\t\t\t\t\t\t\t\t\t<p>PROCESSES | STRUCTURES | HIGH-TECH<\/p>\t\t\t\t\t\t\t\t<\/div>\n\t\t\t\t<\/div>\n\t\t\t\t<\/div>\n\t\t<div class=\"elementor-element elementor-element-af2cad7 e-con-full e-flex e-con e-child\" data-id=\"af2cad7\" data-element_type=\"container\" data-settings=\"{&quot;wdb_enable_cursor_hover_effect_text&quot;:&quot;View&quot;,&quot;background_background&quot;:&quot;classic&quot;}\">\n\t\t\t\t<\/div>\n\t\t\t\t<\/div>\n\t\t\t\t\t<\/div>\n\t\t\t\t<\/div>\n\t\t<div class=\"elementor-element elementor-element-73634d3 e-flex e-con-boxed e-con e-parent\" data-id=\"73634d3\" data-element_type=\"container\" data-settings=\"{&quot;wdb_enable_cursor_hover_effect_text&quot;:&quot;View&quot;}\">\n\t\t\t\t\t<div class=\"e-con-inner\">\n\t\t\t\t<div class=\"elementor-element elementor-element-86a0113 elementor-widget elementor-widget-spacer\" data-id=\"86a0113\" data-element_type=\"widget\" data-widget_type=\"spacer.default\">\n\t\t\t\t\t\t\t<div class=\"elementor-spacer\">\n\t\t\t<div class=\"elementor-spacer-inner\"><\/div>\n\t\t<\/div>\n\t\t\t\t\t\t<\/div>\n\t\t\t\t\t<\/div>\n\t\t\t\t<\/div>\n\t\t<div class=\"elementor-element elementor-element-18e0b20 e-flex e-con-boxed e-con e-parent\" data-id=\"18e0b20\" data-element_type=\"container\" data-settings=\"{&quot;background_background&quot;:&quot;gradient&quot;,&quot;wdb_enable_cursor_hover_effect_text&quot;:&quot;View&quot;}\">\n\t\t\t\t\t<div class=\"e-con-inner\">\n\t\t<div class=\"elementor-element elementor-element-95ef1aa e-con-full e-flex e-con e-child\" data-id=\"95ef1aa\" data-element_type=\"container\" data-settings=\"{&quot;wdb_enable_cursor_hover_effect_text&quot;:&quot;View&quot;}\">\n\t\t\t\t<div class=\"elementor-element elementor-element-71231ff elementor-widget elementor-widget-heading\" data-id=\"71231ff\" data-element_type=\"widget\" data-widget_type=\"heading.default\">\n\t\t\t\t\t<h2 class=\"elementor-heading-title elementor-size-default\">Lassen Sie uns in Verbindung bleiben<\/h2>\t\t\t\t<\/div>\n\t\t\t\t<div class=\"elementor-element elementor-element-ad81729 elementor-widget__width-initial elementor-widget-mobile__width-inherit elementor-widget elementor-widget-text-editor\" data-id=\"ad81729\" data-element_type=\"widget\" data-widget_type=\"text-editor.default\">\n\t\t\t\t\t\t\t\t\t<p>Z\u00f6gern Sie nicht, uns zu kontaktieren. Unser Team wird sich umgehend mit Ihnen in Verbindung setzen.<\/p>\t\t\t\t\t\t\t\t<\/div>\n\t\t\t\t<\/div>\n\t\t<div class=\"elementor-element elementor-element-4b001d2 e-con-full e-flex e-con e-child\" data-id=\"4b001d2\" data-element_type=\"container\" data-settings=\"{&quot;wdb_enable_cursor_hover_effect_text&quot;:&quot;View&quot;,&quot;background_background&quot;:&quot;classic&quot;}\">\n\t\t<div class=\"elementor-element elementor-element-77d6ff2 e-con-full e-flex e-con e-child\" data-id=\"77d6ff2\" data-element_type=\"container\" data-settings=\"{&quot;wdb_enable_cursor_hover_effect_text&quot;:&quot;View&quot;}\">\n\t\t<div class=\"elementor-element elementor-element-662fc0b e-con-full e-flex e-con e-child\" data-id=\"662fc0b\" data-element_type=\"container\" data-settings=\"{&quot;wdb_enable_cursor_hover_effect_text&quot;:&quot;View&quot;}\">\n\t\t<div class=\"elementor-element elementor-element-6be8ccf e-con-full e-flex e-con e-child\" data-id=\"6be8ccf\" data-element_type=\"container\" data-settings=\"{&quot;wdb_enable_cursor_hover_effect_text&quot;:&quot;View&quot;}\">\n\t\t<div class=\"elementor-element elementor-element-2f707a4 e-con-full e-flex e-con e-child\" data-id=\"2f707a4\" data-element_type=\"container\" data-settings=\"{&quot;wdb_enable_cursor_hover_effect_text&quot;:&quot;View&quot;}\">\n\t\t\t\t<div class=\"elementor-element elementor-element-fd1aad7 elementor-widget__width-initial elementor-widget elementor-widget-heading\" data-id=\"fd1aad7\" data-element_type=\"widget\" data-widget_type=\"heading.default\">\n\t\t\t\t\t<h2 class=\"elementor-heading-title elementor-size-default\">Wie k\u00f6nnen wir Ihnen helfen?<\/h2>\t\t\t\t<\/div>\n\t\t\t\t<div class=\"elementor-element elementor-element-29082df elementor-widget-mobile__width-inherit elementor-widget elementor-widget-text-editor\" data-id=\"29082df\" data-element_type=\"widget\" data-widget_type=\"text-editor.default\">\n\t\t\t\t\t\t\t\t\t<p>Haben Sie Fragen oder Anmerkungen? Wenn Sie das Formular ausf\u00fcllen und absenden, setzen wir uns schnellst m\u00f6glich mit Ihnen in Verbindung.<\/p>\t\t\t\t\t\t\t\t<\/div>\n\t\t\t\t<\/div>\n\t\t\t\t<\/div>\n\t\t<div class=\"elementor-element elementor-element-b172a4c e-con-full e-flex e-con e-child\" data-id=\"b172a4c\" data-element_type=\"container\" data-settings=\"{&quot;wdb_enable_cursor_hover_effect_text&quot;:&quot;View&quot;}\">\n\t\t\t\t<div class=\"elementor-element elementor-element-267bc77 elementor-widget__width-initial icon-position-before elementor-widget elementor-widget-wdb--contact-form-7\" data-id=\"267bc77\" data-element_type=\"widget\" data-widget_type=\"wdb--contact-form-7.default\">\n\t\t\t\t<div class=\"elementor-widget-container\">\n\t\t\t\t\t\t\t<div class=\"wdb--form-wrapper\" btn-hover=\"btn-hover-none\" >\r\n\t\t\t\n<div class=\"wpcf7 no-js\" id=\"wpcf7-f8-o1\" lang=\"en-US\" dir=\"ltr\" data-wpcf7-id=\"8\">\n<div class=\"screen-reader-response\"><p role=\"status\" aria-live=\"polite\" aria-atomic=\"true\"><\/p> <ul><\/ul><\/div>\n<form action=\"\/de\/wp-json\/wp\/v2\/pages\/7759#wpcf7-f8-o1\" method=\"post\" class=\"wpcf7-form init\" aria-label=\"Contact form\" novalidate=\"novalidate\" data-status=\"init\">\n<fieldset class=\"hidden-fields-container\"><input type=\"hidden\" name=\"_wpcf7\" value=\"8\" \/><input type=\"hidden\" name=\"_wpcf7_version\" value=\"6.1.1\" \/><input type=\"hidden\" name=\"_wpcf7_locale\" value=\"en_US\" \/><input type=\"hidden\" name=\"_wpcf7_unit_tag\" value=\"wpcf7-f8-o1\" \/><input type=\"hidden\" name=\"_wpcf7_container_post\" value=\"0\" \/><input type=\"hidden\" name=\"_wpcf7_posted_data_hash\" value=\"\" \/>\n<\/fieldset>\n<p><label> Vollst\u00e4ndiger Name<br \/>\n<span class=\"wpcf7-form-control-wrap\" data-name=\"your-name\"><input size=\"40\" maxlength=\"400\" class=\"wpcf7-form-control wpcf7-text wpcf7-validates-as-required\" autocomplete=\"name\" aria-required=\"true\" aria-invalid=\"false\" value=\"\" type=\"text\" name=\"your-name\" \/><\/span> <\/label>\n<\/p>\n<p><label> eMail-Adresse<br \/>\n<span class=\"wpcf7-form-control-wrap\" data-name=\"your-email\"><input size=\"40\" maxlength=\"400\" class=\"wpcf7-form-control wpcf7-email wpcf7-validates-as-required wpcf7-text wpcf7-validates-as-email\" autocomplete=\"email\" aria-required=\"true\" aria-invalid=\"false\" value=\"\" type=\"email\" name=\"your-email\" \/><\/span> <\/label>\n<\/p>\n<p><label> Betreff<br \/>\n<span class=\"wpcf7-form-control-wrap\" data-name=\"your-subject\"><input size=\"40\" maxlength=\"400\" class=\"wpcf7-form-control wpcf7-text wpcf7-validates-as-required\" aria-required=\"true\" aria-invalid=\"false\" value=\"\" type=\"text\" name=\"your-subject\" \/><\/span> <\/label>\n<\/p>\n<p><label> Nachricht (optional)<br \/>\n<span class=\"wpcf7-form-control-wrap\" data-name=\"your-message\"><textarea cols=\"40\" rows=\"10\" maxlength=\"2000\" class=\"wpcf7-form-control wpcf7-textarea\" aria-invalid=\"false\" name=\"your-message\"><\/textarea><\/span> <\/label>\n<\/p>\n<p><input class=\"wpcf7-form-control wpcf7-submit has-spinner\" type=\"submit\" value=\"Absenden\" \/>\n<\/p><div class=\"wpcf7-response-output\" aria-hidden=\"true\"><\/div>\n<\/form>\n<\/div>\n            <div class=\"btn-icon elementor-screen-only\">\r\n\t                        <\/div>\r\n\t\t<\/div>\r\n\r\n\t\t\t\t\t\t<\/div>\n\t\t\t\t<\/div>\n\t\t\t\t<\/div>\n\t\t\t\t<\/div>\n\t\t<div class=\"elementor-element elementor-element-8aa4123 e-con-full e-flex e-con e-child\" data-id=\"8aa4123\" data-element_type=\"container\" data-settings=\"{&quot;background_background&quot;:&quot;classic&quot;,&quot;wdb_enable_cursor_hover_effect_text&quot;:&quot;View&quot;}\">\n\t\t<div class=\"elementor-element elementor-element-64b9bb9 e-con-full e-flex e-con e-child\" data-id=\"64b9bb9\" data-element_type=\"container\" data-settings=\"{&quot;wdb_enable_cursor_hover_effect_text&quot;:&quot;View&quot;}\">\n\t\t<div class=\"elementor-element elementor-element-ceeb444 e-con-full e-flex e-con e-child\" data-id=\"ceeb444\" data-element_type=\"container\" data-settings=\"{&quot;wdb_enable_cursor_hover_effect_text&quot;:&quot;View&quot;}\">\n\t\t\t\t<div class=\"elementor-element elementor-element-c1d652d elementor-widget elementor-widget-text-editor\" data-id=\"c1d652d\" data-element_type=\"widget\" data-widget_type=\"text-editor.default\">\n\t\t\t\t\t\t\t\t\t<p>Der herausragende Service unseres Teams, die proaktive Vorgehensweise und z\u00fcgige Kommunikation hat unsere Kunden- und Partnerprozesse erheblich beschleunigt und die Zufriedenheit unserer Gesch\u00e4ftspartner nachweislich gesteigert.<\/p>\t\t\t\t\t\t\t\t<\/div>\n\t\t\t\t<\/div>\n\t\t\t\t<\/div>\n\t\t\t\t<div class=\"elementor-element elementor-element-cdc6778 elementor-position-top elementor-widget__width-initial elementor-position-top elementor-widget elementor-widget-image-box\" data-id=\"cdc6778\" data-element_type=\"widget\" data-widget_type=\"image-box.default\">\n\t\t\t\t\t<div class=\"elementor-image-box-wrapper\"><figure class=\"elementor-image-box-img\"><a href=\"mailto:contact@highprocstruc.com\" tabindex=\"-1\"><img fetchpriority=\"high\" decoding=\"async\" width=\"512\" height=\"512\" src=\"https:\/\/highprocstruc.com\/de\/wp-content\/uploads\/2025\/08\/communication_14811203.png\" class=\"attachment-full size-full wp-image-7664\" alt=\"\" srcset=\"https:\/\/highprocstruc.com\/de\/wp-content\/uploads\/2025\/08\/communication_14811203.png 512w, https:\/\/highprocstruc.com\/de\/wp-content\/uploads\/2025\/08\/communication_14811203-80x80.png 80w\" sizes=\"(max-width: 512px) 100vw, 512px\" \/><\/a><\/figure><div class=\"elementor-image-box-content\"><h3 class=\"elementor-image-box-title\"><a href=\"mailto:contact@highprocstruc.com\">eMail<\/a><\/h3><p class=\"elementor-image-box-description\">contact@highprocstruc.com<\/p><\/div><\/div>\t\t\t\t<\/div>\n\t\t\t\t<div class=\"elementor-element elementor-element-aab450c elementor-widget__width-initial elementor-widget elementor-widget-text-editor\" data-id=\"aab450c\" data-element_type=\"widget\" data-widget_type=\"text-editor.default\">\n\t\t\t\t\t\t\t\t\t<p style=\"text-align: center;\"><img decoding=\"async\" class=\"aligncenter wp-image-8422 lazyload\" data-src=\"https:\/\/highprocstruc.com\/de\/wp-content\/uploads\/2025\/08\/whatsapp-1-80x80.png\" alt=\"\" width=\"140\" height=\"141\" data-srcset=\"https:\/\/highprocstruc.com\/de\/wp-content\/uploads\/2025\/08\/whatsapp-1-80x80.png 80w, https:\/\/highprocstruc.com\/de\/wp-content\/uploads\/2025\/08\/whatsapp-1.png 692w\" data-sizes=\"(max-width: 140px) 100vw, 140px\" src=\"data:image\/svg+xml;base64,PHN2ZyB3aWR0aD0iMSIgaGVpZ2h0PSIxIiB4bWxucz0iaHR0cDovL3d3dy53My5vcmcvMjAwMC9zdmciPjwvc3ZnPg==\" style=\"--smush-placeholder-width: 140px; --smush-placeholder-aspect-ratio: 140\/141;\" \/><span style=\"color: #ffffff;\"><br \/>Telefon &amp; WhatsApp Business<\/span><\/p><p><img decoding=\"async\" class=\"aligncenter wp-image-8607 lazyload\" data-src=\"https:\/\/highprocstruc.com\/de\/wp-content\/uploads\/2025\/08\/pno.png\" alt=\"\" width=\"153\" height=\"22\" src=\"data:image\/svg+xml;base64,PHN2ZyB3aWR0aD0iMSIgaGVpZ2h0PSIxIiB4bWxucz0iaHR0cDovL3d3dy53My5vcmcvMjAwMC9zdmciPjwvc3ZnPg==\" style=\"--smush-placeholder-width: 153px; --smush-placeholder-aspect-ratio: 153\/22;\" \/><\/p>\t\t\t\t\t\t\t\t<\/div>\n\t\t\t\t<\/div>\n\t\t\t\t<\/div>\n\t\t\t\t<\/div>\n\t\t\t\t\t<\/div>\n\t\t\t\t<\/div>\n\t\t<div class=\"elementor-element elementor-element-5aaf0db e-flex e-con-boxed e-con e-parent\" data-id=\"5aaf0db\" data-element_type=\"container\" data-settings=\"{&quot;background_background&quot;:&quot;classic&quot;,&quot;wdb_enable_cursor_hover_effect_text&quot;:&quot;View&quot;}\">\n\t\t\t\t\t<div class=\"e-con-inner\">\n\t\t<div class=\"elementor-element elementor-element-654fd50 e-con-full e-flex e-con e-child\" data-id=\"654fd50\" data-element_type=\"container\" data-settings=\"{&quot;wdb_enable_cursor_hover_effect_text&quot;:&quot;View&quot;}\">\n\t\t\t\t<div class=\"elementor-element elementor-element-bee6ab5 elementor-widget elementor-widget-text-editor\" data-id=\"bee6ab5\" data-element_type=\"widget\" data-widget_type=\"text-editor.default\">\n\t\t\t\t\t\t\t\t\t<p class=\"p2\" style=\"text-align: left;\">Standorte der highprocstruc international:<\/p><p class=\"p2\" style=\"text-align: left;\">Konzernzentrale S\u00fcd Afrika<br \/>Sandton South African<br \/>2191<\/p><p>Details und weitere Standorte auf Anfrage<\/p>\t\t\t\t\t\t\t\t<\/div>\n\t\t\t\t<\/div>\n\t\t<div class=\"elementor-element elementor-element-05f5fc7 e-con-full e-flex e-con e-child\" data-id=\"05f5fc7\" data-element_type=\"container\" data-settings=\"{&quot;wdb_enable_cursor_hover_effect_text&quot;:&quot;View&quot;}\">\n\t\t\t\t<div class=\"elementor-element elementor-element-41fbbec elementor-widget elementor-widget-html\" data-id=\"41fbbec\" data-element_type=\"widget\" data-widget_type=\"html.default\">\n\t\t\t\t\t<iframe data-src=\"https:\/\/www.google.com\/maps\/embed?pb=!1m18!1m12!1m3!1d114728.562546867!2d27.93781285127316!3d-26.024799587784628!2m3!1f0!2f0!3f0!3m2!1i1024!2i768!4f13.1!3m3!1m2!1s0x1e9571535492c30b%3A0xfe82c73adda8c803!2sSandton%2C%202191%2C%20S%C3%BCdafrika!5e0!3m2!1sde!2s!4v1755255989110!5m2!1sde!2s\" width=\"400\" height=\"300\" style=\"border:0;\" allowfullscreen=\"\" referrerpolicy=\"no-referrer-when-downgrade\" src=\"data:image\/svg+xml;base64,PHN2ZyB3aWR0aD0iMSIgaGVpZ2h0PSIxIiB4bWxucz0iaHR0cDovL3d3dy53My5vcmcvMjAwMC9zdmciPjwvc3ZnPg==\" class=\"lazyload\" data-load-mode=\"1\"><\/iframe>\t\t\t\t<\/div>\n\t\t\t\t<\/div>\n\t\t\t\t\t<\/div>\n\t\t\t\t<\/div>\n\t\t\t\t<\/div>\n\t\t","protected":false},"excerpt":{"rendered":"<p>highprocstruc Kontakt PROCESSES | STRUCTURES | HIGH-TECH Lassen Sie uns in Verbindung bleiben Z\u00f6gern Sie nicht, uns zu kontaktieren. Unser Team wird sich umgehend mit Ihnen in Verbindung setzen. Wie k\u00f6nnen wir Ihnen helfen? Haben Sie Fragen oder Anmerkungen? Wenn Sie das Formular ausf\u00fcllen und absenden, setzen wir uns schnellst m\u00f6glich mit Ihnen in Verbindung. [&hellip;]<\/p>\n","protected":false},"author":1,"featured_media":0,"parent":0,"menu_order":0,"comment_status":"closed","ping_status":"closed","template":"elementor_header_footer","meta":{"footnotes":""},"class_list":["post-7759","page","type-page","status-publish","hentry"],"_links":{"self":[{"href":"https:\/\/highprocstruc.com\/de\/wp-json\/wp\/v2\/pages\/7759","targetHints":{"allow":["GET"]}}],"collection":[{"href":"https:\/\/highprocstruc.com\/de\/wp-json\/wp\/v2\/pages"}],"about":[{"href":"https:\/\/highprocstruc.com\/de\/wp-json\/wp\/v2\/types\/page"}],"author":[{"embeddable":true,"href":"https:\/\/highprocstruc.com\/de\/wp-json\/wp\/v2\/users\/1"}],"replies":[{"embeddable":true,"href":"https:\/\/highprocstruc.com\/de\/wp-json\/wp\/v2\/comments?post=7759"}],"version-history":[{"count":10,"href":"https:\/\/highprocstruc.com\/de\/wp-json\/wp\/v2\/pages\/7759\/revisions"}],"predecessor-version":[{"id":8639,"href":"https:\/\/highprocstruc.com\/de\/wp-json\/wp\/v2\/pages\/7759\/revisions\/8639"}],"wp:attachment":[{"href":"https:\/\/highprocstruc.com\/de\/wp-json\/wp\/v2\/media?parent=7759"}],"curies":[{"name":"wp","href":"https:\/\/api.w.org\/{rel}","templated":true}]}}