{"id":6130,"date":"2025-08-05T21:04:43","date_gmt":"2025-08-05T21:04:43","guid":{"rendered":"http:\/\/highprocstruc.com\/?page_id=6130"},"modified":"2025-08-30T17:29:02","modified_gmt":"2025-08-30T17:29:02","slug":"global-enterprises","status":"publish","type":"page","link":"https:\/\/highprocstruc.com\/de\/who-we-serve\/company-sizes\/global-enterprises\/","title":{"rendered":"Global Enterprises"},"content":{"rendered":"\t\t<div data-elementor-type=\"wp-page\" data-elementor-id=\"6130\" class=\"elementor elementor-6130\">\n\t\t\t\t<div class=\"elementor-element elementor-element-1ba749d e-flex e-con-boxed e-con e-parent\" data-id=\"1ba749d\" data-element_type=\"container\" data-settings=\"{&quot;wdb_enable_cursor_hover_effect_text&quot;:&quot;View&quot;,&quot;background_background&quot;:&quot;gradient&quot;}\">\n\t\t\t\t\t<div class=\"e-con-inner\">\n\t\t<div class=\"elementor-element elementor-element-014bcf1 e-con-full e-flex e-con e-child\" data-id=\"014bcf1\" data-element_type=\"container\" data-settings=\"{&quot;wdb_enable_cursor_hover_effect_text&quot;:&quot;View&quot;}\">\n\t\t<div class=\"elementor-element elementor-element-0d8e462 e-con-full e-flex e-con e-child\" data-id=\"0d8e462\" data-element_type=\"container\" data-settings=\"{&quot;wdb_enable_cursor_hover_effect_text&quot;:&quot;View&quot;}\">\n\t\t<div class=\"elementor-element elementor-element-5e16a6a e-con-full e-flex e-con e-child\" data-id=\"5e16a6a\" data-element_type=\"container\" data-settings=\"{&quot;wdb_enable_cursor_hover_effect_text&quot;:&quot;View&quot;}\">\n\t\t\t\t<div class=\"elementor-element elementor-element-b774edc elementor-widget__width-initial elementor-widget-tablet__width-inherit elementor-widget elementor-widget-heading\" data-id=\"b774edc\" data-element_type=\"widget\" data-widget_type=\"heading.default\">\n\t\t\t\t\t<p class=\"elementor-heading-title elementor-size-default\"> highprocstruc<\/p>\t\t\t\t<\/div>\n\t\t\t\t<div class=\"elementor-element elementor-element-6e95930 elementor-widget__width-initial elementor-widget-tablet__width-inherit elementor-widget elementor-widget-heading\" data-id=\"6e95930\" data-element_type=\"widget\" data-widget_type=\"heading.default\">\n\t\t\t\t\t<p class=\"elementor-heading-title elementor-size-default\">Globale Unternehmen - Global Player<\/p>\t\t\t\t<\/div>\n\t\t\t\t<\/div>\n\t\t<div class=\"elementor-element elementor-element-6ffaa36 e-con-full e-flex e-con e-child\" data-id=\"6ffaa36\" data-element_type=\"container\" data-settings=\"{&quot;wdb_enable_cursor_hover_effect_text&quot;:&quot;View&quot;}\">\n\t\t\t\t<div class=\"elementor-element elementor-element-78924af elementor-widget-mobile__width-inherit elementor-widget elementor-widget-text-editor\" data-id=\"78924af\" data-element_type=\"widget\" data-widget_type=\"text-editor.default\">\n\t\t\t\t\t\t\t\t\t<p>PROZESSE | STRUKTUREN | HIGH-TECH<\/p>\t\t\t\t\t\t\t\t<\/div>\n\t\t\t\t<\/div>\n\t\t\t\t<\/div>\n\t\t<div class=\"elementor-element elementor-element-af2cad7 e-con-full e-flex e-con e-child\" data-id=\"af2cad7\" data-element_type=\"container\" data-settings=\"{&quot;wdb_enable_cursor_hover_effect_text&quot;:&quot;View&quot;,&quot;background_background&quot;:&quot;classic&quot;}\">\n\t\t\t\t<\/div>\n\t\t\t\t<\/div>\n\t\t\t\t\t<\/div>\n\t\t\t\t<\/div>\n\t\t<div class=\"elementor-element elementor-element-807378d e-flex e-con-boxed e-con e-parent\" data-id=\"807378d\" data-element_type=\"container\" data-settings=\"{&quot;wdb_enable_cursor_hover_effect_text&quot;:&quot;View&quot;}\">\n\t\t\t\t\t<div class=\"e-con-inner\">\n\t\t\t\t<div class=\"elementor-element elementor-element-92ab8b3 elementor-widget elementor-widget-spacer\" data-id=\"92ab8b3\" data-element_type=\"widget\" data-widget_type=\"spacer.default\">\n\t\t\t\t\t\t\t<div class=\"elementor-spacer\">\n\t\t\t<div class=\"elementor-spacer-inner\"><\/div>\n\t\t<\/div>\n\t\t\t\t\t\t<\/div>\n\t\t\t\t\t<\/div>\n\t\t\t\t<\/div>\n\t\t<div class=\"elementor-element elementor-element-bac582a e-flex e-con-boxed e-con e-parent\" data-id=\"bac582a\" data-element_type=\"container\" data-settings=\"{&quot;wdb_enable_cursor_hover_effect_text&quot;:&quot;View&quot;}\">\n\t\t\t\t\t<div class=\"e-con-inner\">\n\t\t\t\t<div class=\"elementor-element elementor-element-feba227 elementor-widget__width-initial elementor-widget elementor-widget-heading\" data-id=\"feba227\" data-element_type=\"widget\" data-widget_type=\"heading.default\">\n\t\t\t\t\t<h2 class=\"elementor-heading-title elementor-size-default\">GLOBAL PLAYERS - MIT SPIEL HAT DAS WENIG ZU TUN!<\/h2>\t\t\t\t<\/div>\n\t\t\t\t\t<\/div>\n\t\t\t\t<\/div>\n\t\t<div class=\"elementor-element elementor-element-06b8864 e-flex e-con-boxed e-con e-parent\" data-id=\"06b8864\" data-element_type=\"container\" data-settings=\"{&quot;wdb_enable_cursor_hover_effect_text&quot;:&quot;View&quot;}\">\n\t\t\t\t\t<div class=\"e-con-inner\">\n\t\t<div class=\"elementor-element elementor-element-0a25455 e-con-full e-flex e-con e-child\" data-id=\"0a25455\" data-element_type=\"container\" data-settings=\"{&quot;wdb_enable_cursor_hover_effect_text&quot;:&quot;View&quot;}\">\n\t\t\t\t<\/div>\n\t\t<div class=\"elementor-element elementor-element-c3b56f9 e-con-full e-flex e-con e-child\" data-id=\"c3b56f9\" data-element_type=\"container\" data-settings=\"{&quot;wdb_enable_cursor_hover_effect_text&quot;:&quot;View&quot;}\">\n\t\t\t\t<div class=\"elementor-element elementor-element-8f5d108 elementor-widget__width-initial elementor-widget-mobile__width-inherit elementor-widget elementor-widget-text-editor\" data-id=\"8f5d108\" data-element_type=\"widget\" data-widget_type=\"text-editor.default\">\n\t\t\t\t\t\t\t\t\t<p>Globale Unternehmen befinden sind im st\u00e4ndigen Wettbewerb und neben unz\u00e4hligen Anpassungen, Verbesserungen, Missstands-Bek\u00e4mpfung und Marktsicherung gilt es die Kontrolle auf h\u00f6herer Ebene zu behalten und auszubauen. Multiprojektmanagement, Portfoliopflege und vieles mehr sind an der Tagesordnung. Hinzu kommt, dass bestehende Technologien, Prozesse und Strukturen oft nicht ausreichend sind und es gilt, eigene Entwicklungen voranzutreiben und mit Partnern aus Forschung und Wissenschaft neue Wege zu finden und umzusetzen.<\/p><p>Auch hier konnten wir bereits einigen Unternehmen sinnvoll zur Seite stehen und haben sowohl im Wissenschaftstransfer, als auch in der Technologie-, Prozess- und Strukturberatung viel Erfahrung gesammelt, die wir unseren Kunden zur Verf\u00fcgung stellen. Auch in Bezug auf die Durchsetzung schwieriger Vorhaben ist es uns m\u00f6glich, Zielkonflikte beteiligter Unternehmensbereiche zu erkennen und gemeinsam aufzul\u00f6sen, damit das Unternehmen als Ganzes vom Fortschritt profitieren kann.<\/p>\t\t\t\t\t\t\t\t<\/div>\n\t\t\t\t<div class=\"elementor-element elementor-element-61f2338 elementor-icon-list--layout-inline elementor-mobile-align-left elementor-list-item-link-full_width elementor-widget elementor-widget-icon-list\" data-id=\"61f2338\" data-element_type=\"widget\" data-widget_type=\"icon-list.default\">\n\t\t\t\t\t\t\t<ul class=\"elementor-icon-list-items elementor-inline-items\">\n\t\t\t\t\t\t\t<li class=\"elementor-icon-list-item elementor-inline-item\">\n\t\t\t\t\t\t\t\t\t\t\t<a href=\"https:\/\/highprocstruc.com\/de\/contact\/\">\n\n\t\t\t\t\t\t\t\t\t\t\t\t<span class=\"elementor-icon-list-icon\">\n\t\t\t\t\t\t\t<i aria-hidden=\"true\" class=\"fas fa-check-circle\"><\/i>\t\t\t\t\t\t<\/span>\n\t\t\t\t\t\t\t\t\t\t<span class=\"elementor-icon-list-text\">Haben Sie Fragen? \u2013 Melden Sie sich! \u2013 Wir wissen zu helfen!<\/span>\n\t\t\t\t\t\t\t\t\t\t\t<\/a>\n\t\t\t\t\t\t\t\t\t<\/li>\n\t\t\t\t\t\t<\/ul>\n\t\t\t\t\t\t<\/div>\n\t\t\t\t<\/div>\n\t\t<div class=\"elementor-element elementor-element-ac83c5b e-con-full e-flex e-con e-child\" data-id=\"ac83c5b\" data-element_type=\"container\" data-settings=\"{&quot;wdb_enable_cursor_hover_effect_text&quot;:&quot;View&quot;}\">\n\t\t\t\t<\/div>\n\t\t\t\t\t<\/div>\n\t\t\t\t<\/div>\n\t\t<div class=\"elementor-element elementor-element-2aac978 e-con-full e-flex e-con e-parent\" data-id=\"2aac978\" data-element_type=\"container\" data-settings=\"{&quot;wdb_enable_cursor_hover_effect_text&quot;:&quot;View&quot;}\">\n\t\t\t\t<div class=\"elementor-element elementor-element-4c4f595 elementor-widget__width-initial elementor-widget elementor-widget-heading\" data-id=\"4c4f595\" data-element_type=\"widget\" data-widget_type=\"heading.default\">\n\t\t\t\t\t<h2 class=\"elementor-heading-title elementor-size-default\">Einige unserer Projekteerfahrungen in diesem Bereich<\/h2>\t\t\t\t<\/div>\n\t\t\t\t<div class=\"elementor-element elementor-element-dba5357 elementor-widget__width-inherit elementor-widget-mobile__width-inherit elementor-widget elementor-widget-text-editor\" data-id=\"dba5357\" data-element_type=\"widget\" data-widget_type=\"text-editor.default\">\n\t\t\t\t\t\t\t\t\t<p style=\"text-align: center;\">Sehen Sie sich Beispiele unserer T\u00e4tigkeiten an und stellen Sie uns die Fragen, die Sie weiterbringen! \u2013 Wir antworten. \u2013 Ehrlich und unverbl\u00fcmt.<\/p>\t\t\t\t\t\t\t\t<\/div>\n\t\t\t\t<\/div>\n\t\t<div class=\"elementor-element elementor-element-30c6100 e-flex e-con-boxed e-con e-parent\" data-id=\"30c6100\" data-element_type=\"container\" data-settings=\"{&quot;wdb_enable_cursor_hover_effect_text&quot;:&quot;View&quot;}\">\n\t\t\t\t\t<div class=\"e-con-inner\">\n\t\t\t\t<div class=\"elementor-element elementor-element-bbee9ec elementor-widget elementor-widget-elementskit-blog-posts\" data-id=\"bbee9ec\" data-element_type=\"widget\" data-widget_type=\"elementskit-blog-posts.default\">\n\t\t\t\t\t<div class=\"ekit-wid-con\" >        <div id=\"post-items--bbee9ec\" class=\"row post-items\">\n                    <div class=\"col-md-12\">\n\n                                    <div class=\"elementskit-blog-block-post\">\n                        <div class=\"row no-gutters\">\n                                                            <div class=\"col-md-6 order-1\">\n                                    <a href=\"https:\/\/highprocstruc.com\/de\/project-015\/\" class=\"elementskit-entry-thumb\">\n                                        <img decoding=\"async\" data-src=\"https:\/\/highprocstruc.com\/de\/wp-content\/uploads\/2010\/10\/project_015_global_project_management-768x456.png\" alt=\"Weltweite Einf\u00fchrung einer einheitlichen  Projekt- und Ressourcen-Management-Plattform\" src=\"data:image\/svg+xml;base64,PHN2ZyB3aWR0aD0iMSIgaGVpZ2h0PSIxIiB4bWxucz0iaHR0cDovL3d3dy53My5vcmcvMjAwMC9zdmciPjwvc3ZnPg==\" class=\"lazyload\" style=\"--smush-placeholder-width: 768px; --smush-placeholder-aspect-ratio: 768\/456;\">\n                                    <\/a><!-- .elementskit-entry-thumb END -->\n                                <\/div>\n                            \n                            <div class=\"col-md-6 order-2\">\n                                <div class=\"elementskit-post-body \">\n                                    <div class=\"elementskit-entry-header\">\n                                        \n                                                                                            \t\t\t\t\t                                            \n                                            \n                                                                                            \t\t\t\t<h2 class=\"entry-title\">\n\t\t\t\t\t<a href=\"https:\/\/highprocstruc.com\/de\/project-015\/\">\n\t\t\t\t\t\tWeltweite Einf\u00fchrung einer einheitlichen  Projekt- und Ressourcen-Management-Plattform\t\t\t\t\t<\/a>\n\t\t\t\t<\/h2>\n\t\t\t                                                                                <\/div><!-- .elementskit-entry-header END -->\n\n                                                                            <div class=\"elementskit-post-footer\">\n                                                                                            <p>F\u00fcr die weltweite Einf\u00fchrung eines einheitlichen Projekt- und Ressourcen-Management-Werkzeugs, welches f\u00fcr die \u00fcber 400 strategischen Projekte verpflichtend verwendet werden muss und \u00fcber 2000 Benutzern zur Verf\u00fcgung steht, wurde einerseits die&hellip;<\/p>\n                                                                                                                                <\/div><!-- .elementskit-post-footer END -->\n                                                                    <\/div><!-- .elementskit-post-body END -->\n                            <\/div>\n                        <\/div>\n                    <\/div><!-- .elementskit-blog-block-post .radius .gradient-bg END -->\n                \n            <\/div>\n                    <div class=\"col-md-12\">\n\n                                    <div class=\"elementskit-blog-block-post\">\n                        <div class=\"row no-gutters\">\n                                                            <div class=\"col-md-6 order-1\">\n                                    <a href=\"https:\/\/highprocstruc.com\/de\/project-003\/\" class=\"elementskit-entry-thumb\">\n                                        <img decoding=\"async\" data-src=\"https:\/\/highprocstruc.com\/de\/wp-content\/uploads\/2000\/07\/project_003_virtual-issue-assistant-768x456.png\" alt=\"Effizienzsteigerung in der Ticketbearbeitung eines global arbeitenden Industrieunternehmens\" src=\"data:image\/svg+xml;base64,PHN2ZyB3aWR0aD0iMSIgaGVpZ2h0PSIxIiB4bWxucz0iaHR0cDovL3d3dy53My5vcmcvMjAwMC9zdmciPjwvc3ZnPg==\" class=\"lazyload\" style=\"--smush-placeholder-width: 768px; --smush-placeholder-aspect-ratio: 768\/456;\">\n                                    <\/a><!-- .elementskit-entry-thumb END -->\n                                <\/div>\n                            \n                            <div class=\"col-md-6 order-2\">\n                                <div class=\"elementskit-post-body \">\n                                    <div class=\"elementskit-entry-header\">\n                                        \n                                                                                            \t\t\t\t\t                                            \n                                            \n                                                                                            \t\t\t\t<h2 class=\"entry-title\">\n\t\t\t\t\t<a href=\"https:\/\/highprocstruc.com\/de\/project-003\/\">\n\t\t\t\t\t\tEffizienzsteigerung in der Ticketbearbeitung eines global arbeitenden Industrieunternehmens\t\t\t\t\t<\/a>\n\t\t\t\t<\/h2>\n\t\t\t                                                                                <\/div><!-- .elementskit-entry-header END -->\n\n                                                                            <div class=\"elementskit-post-footer\">\n                                                                                            <p>Entwicklung eines Werkzeugs zur intelligenten Unterst\u00fctzung der Web-basierten Bearbeitung von Trouble-Tickets mittels Ontologie-basierten Suchmechanismen und Entwicklung einer Benutzeroberfl\u00e4che f\u00fcr die Bedienung im Browser LEISTUNGEN Vorgehensliste Projektleitung der CBR-Integration Bedarfsanalyse Stakeholdermanagement&hellip;<\/p>\n                                                                                                                                <\/div><!-- .elementskit-post-footer END -->\n                                                                    <\/div><!-- .elementskit-post-body END -->\n                            <\/div>\n                        <\/div>\n                    <\/div><!-- .elementskit-blog-block-post .radius .gradient-bg END -->\n                \n            <\/div>\n                    <div class=\"col-md-12\">\n\n                                    <div class=\"elementskit-blog-block-post\">\n                        <div class=\"row no-gutters\">\n                                                            <div class=\"col-md-6 order-1\">\n                                    <a href=\"https:\/\/highprocstruc.com\/de\/project-002\/\" class=\"elementskit-entry-thumb\">\n                                        <img decoding=\"async\" data-src=\"https:\/\/highprocstruc.com\/de\/wp-content\/uploads\/1999\/12\/project_002_automotive-inspection-1-768x456.png\" alt=\"Automatisierung und Qualit\u00e4tssteigerung durch KI in der Automobilfertigung\" src=\"data:image\/svg+xml;base64,PHN2ZyB3aWR0aD0iMSIgaGVpZ2h0PSIxIiB4bWxucz0iaHR0cDovL3d3dy53My5vcmcvMjAwMC9zdmciPjwvc3ZnPg==\" class=\"lazyload\" style=\"--smush-placeholder-width: 768px; --smush-placeholder-aspect-ratio: 768\/456;\">\n                                    <\/a><!-- .elementskit-entry-thumb END -->\n                                <\/div>\n                            \n                            <div class=\"col-md-6 order-2\">\n                                <div class=\"elementskit-post-body \">\n                                    <div class=\"elementskit-entry-header\">\n                                        \n                                                                                            \t\t\t\t\t                                            \n                                            \n                                                                                            \t\t\t\t<h2 class=\"entry-title\">\n\t\t\t\t\t<a href=\"https:\/\/highprocstruc.com\/de\/project-002\/\">\n\t\t\t\t\t\tAutomatisierung und Qualit\u00e4tssteigerung durch KI in der Automobilfertigung\t\t\t\t\t<\/a>\n\t\t\t\t<\/h2>\n\t\t\t                                                                                <\/div><!-- .elementskit-entry-header END -->\n\n                                                                            <div class=\"elementskit-post-footer\">\n                                                                                            <p>Systementwicklung zur automatischen Erkennung und Bewertung von Karosseriesch\u00e4den in der Fertigung zur automatischen Qualit\u00e4tssicherung anhand von Trainingsbeispielen mittels Spezialkameras, Tiefenanalysen und mathematischen Modellen. LEISTUNGEN Vorgehensliste Bedarfsanalyse Integration eines Fallbasierten Systems&hellip;<\/p>\n                                                                                                                                <\/div><!-- .elementskit-post-footer END -->\n                                                                    <\/div><!-- .elementskit-post-body END -->\n                            <\/div>\n                        <\/div>\n                    <\/div><!-- .elementskit-blog-block-post .radius .gradient-bg END -->\n                \n            <\/div>\n                <\/div>\n       <\/div>\t\t\t\t<\/div>\n\t\t<div class=\"elementor-element elementor-element-81aa181 e-con-full e-flex e-con e-child\" data-id=\"81aa181\" data-element_type=\"container\" data-settings=\"{&quot;wdb_enable_cursor_hover_effect_text&quot;:&quot;View&quot;}\">\n\t\t<div class=\"elementor-element elementor-element-e26c2db e-con-full e-flex e-con e-child\" data-id=\"e26c2db\" data-element_type=\"container\" data-settings=\"{&quot;wdb_enable_cursor_hover_effect_text&quot;:&quot;View&quot;}\">\n\t\t\t\t<div class=\"elementor-element elementor-element-de783b7 elementor-widget elementor-widget-shortcode\" data-id=\"de783b7\" data-element_type=\"widget\" data-widget_type=\"shortcode.default\">\n\t\t\t\t\t\t\t<div class=\"elementor-shortcode\"><h4><a href=\"https:\/\/highprocstruc.com\/de\/category\/project\/company\/company-size\/global-player\/\" title=\"Zeigt eine Liste mit allen 4 Projekten dieses Bereichs an.\" target=\"_blank\">Alle 4 Projekte in diesem Bereich anzeigen ...<\/a><\/h4><\/div>\n\t\t\t\t\t\t<\/div>\n\t\t\t\t<\/div>\n\t\t\t\t<\/div>\n\t\t\t\t\t<\/div>\n\t\t\t\t<\/div>\n\t\t\t\t<\/div>\n\t\t","protected":false},"excerpt":{"rendered":"<p>highprocstruc Globale Unternehmen &#8211; Global Player PROZESSE | STRUKTUREN | HIGH-TECH GLOBAL PLAYERS &#8211; MIT SPIEL HAT DAS WENIG ZU TUN! Globale Unternehmen befinden sind im st\u00e4ndigen Wettbewerb und neben unz\u00e4hligen Anpassungen, Verbesserungen, Missstands-Bek\u00e4mpfung und Marktsicherung gilt es die Kontrolle auf h\u00f6herer Ebene zu behalten und auszubauen. Multiprojektmanagement, Portfoliopflege und vieles mehr sind an der [&hellip;]<\/p>\n","protected":false},"author":1,"featured_media":0,"parent":5083,"menu_order":0,"comment_status":"closed","ping_status":"closed","template":"elementor_header_footer","meta":{"footnotes":""},"class_list":["post-6130","page","type-page","status-publish","hentry"],"_links":{"self":[{"href":"https:\/\/highprocstruc.com\/de\/wp-json\/wp\/v2\/pages\/6130","targetHints":{"allow":["GET"]}}],"collection":[{"href":"https:\/\/highprocstruc.com\/de\/wp-json\/wp\/v2\/pages"}],"about":[{"href":"https:\/\/highprocstruc.com\/de\/wp-json\/wp\/v2\/types\/page"}],"author":[{"embeddable":true,"href":"https:\/\/highprocstruc.com\/de\/wp-json\/wp\/v2\/users\/1"}],"replies":[{"embeddable":true,"href":"https:\/\/highprocstruc.com\/de\/wp-json\/wp\/v2\/comments?post=6130"}],"version-history":[{"count":10,"href":"https:\/\/highprocstruc.com\/de\/wp-json\/wp\/v2\/pages\/6130\/revisions"}],"predecessor-version":[{"id":8738,"href":"https:\/\/highprocstruc.com\/de\/wp-json\/wp\/v2\/pages\/6130\/revisions\/8738"}],"up":[{"embeddable":true,"href":"https:\/\/highprocstruc.com\/de\/wp-json\/wp\/v2\/pages\/5083"}],"wp:attachment":[{"href":"https:\/\/highprocstruc.com\/de\/wp-json\/wp\/v2\/media?parent=6130"}],"curies":[{"name":"wp","href":"https:\/\/api.w.org\/{rel}","templated":true}]}}