{"id":6099,"date":"2025-08-05T20:03:55","date_gmt":"2025-08-05T20:03:55","guid":{"rendered":"http:\/\/highprocstruc.com\/?page_id=6099"},"modified":"2025-08-30T17:37:33","modified_gmt":"2025-08-30T17:37:33","slug":"small-businesses","status":"publish","type":"page","link":"https:\/\/highprocstruc.com\/de\/who-we-serve\/company-sizes\/small-businesses\/","title":{"rendered":"Small Businesses"},"content":{"rendered":"\t\t<div data-elementor-type=\"wp-page\" data-elementor-id=\"6099\" class=\"elementor elementor-6099\">\n\t\t\t\t<div class=\"elementor-element elementor-element-1ba749d e-flex e-con-boxed e-con e-parent\" data-id=\"1ba749d\" data-element_type=\"container\" data-settings=\"{&quot;wdb_enable_cursor_hover_effect_text&quot;:&quot;View&quot;,&quot;background_background&quot;:&quot;gradient&quot;}\">\n\t\t\t\t\t<div class=\"e-con-inner\">\n\t\t<div class=\"elementor-element elementor-element-014bcf1 e-con-full e-flex e-con e-child\" data-id=\"014bcf1\" data-element_type=\"container\" data-settings=\"{&quot;wdb_enable_cursor_hover_effect_text&quot;:&quot;View&quot;}\">\n\t\t<div class=\"elementor-element elementor-element-0d8e462 e-con-full e-flex e-con e-child\" data-id=\"0d8e462\" data-element_type=\"container\" data-settings=\"{&quot;wdb_enable_cursor_hover_effect_text&quot;:&quot;View&quot;}\">\n\t\t<div class=\"elementor-element elementor-element-5e16a6a e-con-full e-flex e-con e-child\" data-id=\"5e16a6a\" data-element_type=\"container\" data-settings=\"{&quot;wdb_enable_cursor_hover_effect_text&quot;:&quot;View&quot;}\">\n\t\t\t\t<div class=\"elementor-element elementor-element-b774edc elementor-widget__width-initial elementor-widget-tablet__width-inherit elementor-widget elementor-widget-heading\" data-id=\"b774edc\" data-element_type=\"widget\" data-widget_type=\"heading.default\">\n\t\t\t\t\t<p class=\"elementor-heading-title elementor-size-default\"> highprocstruc<\/p>\t\t\t\t<\/div>\n\t\t\t\t<div class=\"elementor-element elementor-element-6e95930 elementor-widget__width-initial elementor-widget-tablet__width-inherit elementor-widget elementor-widget-heading\" data-id=\"6e95930\" data-element_type=\"widget\" data-widget_type=\"heading.default\">\n\t\t\t\t\t<p class=\"elementor-heading-title elementor-size-default\">Kleine Unternehmen<\/p>\t\t\t\t<\/div>\n\t\t\t\t<\/div>\n\t\t<div class=\"elementor-element elementor-element-6ffaa36 e-con-full e-flex e-con e-child\" data-id=\"6ffaa36\" data-element_type=\"container\" data-settings=\"{&quot;wdb_enable_cursor_hover_effect_text&quot;:&quot;View&quot;}\">\n\t\t\t\t<div class=\"elementor-element elementor-element-78924af elementor-widget-mobile__width-inherit elementor-widget elementor-widget-text-editor\" data-id=\"78924af\" data-element_type=\"widget\" data-widget_type=\"text-editor.default\">\n\t\t\t\t\t\t\t\t\t<p>PROZESSE | STRUKTUREN | HIGH-TECH<\/p>\t\t\t\t\t\t\t\t<\/div>\n\t\t\t\t<\/div>\n\t\t\t\t<\/div>\n\t\t<div class=\"elementor-element elementor-element-af2cad7 e-con-full e-flex e-con e-child\" data-id=\"af2cad7\" data-element_type=\"container\" data-settings=\"{&quot;wdb_enable_cursor_hover_effect_text&quot;:&quot;View&quot;,&quot;background_background&quot;:&quot;classic&quot;}\">\n\t\t\t\t<\/div>\n\t\t\t\t<\/div>\n\t\t\t\t\t<\/div>\n\t\t\t\t<\/div>\n\t\t<div class=\"elementor-element elementor-element-e960516 e-flex e-con-boxed e-con e-parent\" data-id=\"e960516\" data-element_type=\"container\" data-settings=\"{&quot;wdb_enable_cursor_hover_effect_text&quot;:&quot;View&quot;}\">\n\t\t\t\t\t<div class=\"e-con-inner\">\n\t\t\t\t<div class=\"elementor-element elementor-element-4f87d0f elementor-widget elementor-widget-spacer\" data-id=\"4f87d0f\" data-element_type=\"widget\" data-widget_type=\"spacer.default\">\n\t\t\t\t\t\t\t<div class=\"elementor-spacer\">\n\t\t\t<div class=\"elementor-spacer-inner\"><\/div>\n\t\t<\/div>\n\t\t\t\t\t\t<\/div>\n\t\t\t\t\t<\/div>\n\t\t\t\t<\/div>\n\t\t<div class=\"elementor-element elementor-element-f022b7f e-flex e-con-boxed e-con e-parent\" data-id=\"f022b7f\" data-element_type=\"container\" data-settings=\"{&quot;wdb_enable_cursor_hover_effect_text&quot;:&quot;View&quot;}\">\n\t\t\t\t\t<div class=\"e-con-inner\">\n\t\t\t\t<div class=\"elementor-element elementor-element-0c3e597 elementor-widget__width-initial elementor-widget elementor-widget-heading\" data-id=\"0c3e597\" data-element_type=\"widget\" data-widget_type=\"heading.default\">\n\t\t\t\t\t<h2 class=\"elementor-heading-title elementor-size-default\">KLEIN ABER BEDEUTEND<\/h2>\t\t\t\t<\/div>\n\t\t\t\t\t<\/div>\n\t\t\t\t<\/div>\n\t\t<div class=\"elementor-element elementor-element-dabe290 e-flex e-con-boxed e-con e-parent\" data-id=\"dabe290\" data-element_type=\"container\" data-settings=\"{&quot;wdb_enable_cursor_hover_effect_text&quot;:&quot;View&quot;}\">\n\t\t\t\t\t<div class=\"e-con-inner\">\n\t\t<div class=\"elementor-element elementor-element-0545491 e-con-full e-flex e-con e-child\" data-id=\"0545491\" data-element_type=\"container\" data-settings=\"{&quot;wdb_enable_cursor_hover_effect_text&quot;:&quot;View&quot;}\">\n\t\t\t\t<\/div>\n\t\t<div class=\"elementor-element elementor-element-f87c264 e-con-full e-flex e-con e-child\" data-id=\"f87c264\" data-element_type=\"container\" data-settings=\"{&quot;wdb_enable_cursor_hover_effect_text&quot;:&quot;View&quot;}\">\n\t\t\t\t<div class=\"elementor-element elementor-element-ec3fca2 elementor-widget__width-initial elementor-widget-mobile__width-inherit elementor-widget elementor-widget-text-editor\" data-id=\"ec3fca2\" data-element_type=\"widget\" data-widget_type=\"text-editor.default\">\n\t\t\t\t\t\t\t\t\t<p>Kleine Unternehmen, die oftmals aus einer einzigen Person bestehen, sind nicht nur sehr wichtig f\u00fcr die Wirtschaft, sondern sie haben auch ganz besondere Herausforderungen: Wo es gro\u00dfe Unternehmen leicht haben, Investitionen f\u00fcr eine Verbesserung der Infrastruktur, der Prozesse und der Strukturen in die Hand zu nehmen, f\u00e4llt es gerade kleinen Unternehmen schwer, geeignete L\u00f6sungen f\u00fcr die Herausforderungen des Tagesgesch\u00e4ftes, das Wachstum und das Bestehen am Markt zu finden und in Anwendung zu bringen.<\/p><p>Hier k\u00f6nnen wir durch unser umfassendes Wissen aus gro\u00dfen, wie kleinen Unternehmen sinnvolle Hilfe anbieten. Oftmals ist bei geschickter Auswahl von Werkzeugen eine L\u00f6sung erreichbar, die in Bezug auf die gew\u00fcnschten Eigenschaften und die Anspr\u00fcche des Kunden gleichwertig zu gro\u00dfen Branchenl\u00f6sungen ist, jedoch in Anschaffung, Aufbau und Betrieb eine ma\u00dfvolle Kostengr\u00f6\u00dfe liefert, die auch von kleinsten Unternehmen zu bestreiten ist.<\/p>\t\t\t\t\t\t\t\t<\/div>\n\t\t\t\t<div class=\"elementor-element elementor-element-4ca9f0b elementor-icon-list--layout-inline elementor-mobile-align-left elementor-list-item-link-full_width elementor-widget elementor-widget-icon-list\" data-id=\"4ca9f0b\" data-element_type=\"widget\" data-widget_type=\"icon-list.default\">\n\t\t\t\t\t\t\t<ul class=\"elementor-icon-list-items elementor-inline-items\">\n\t\t\t\t\t\t\t<li class=\"elementor-icon-list-item elementor-inline-item\">\n\t\t\t\t\t\t\t\t\t\t\t<a href=\"https:\/\/highprocstruc.com\/de\/contact\/\">\n\n\t\t\t\t\t\t\t\t\t\t\t\t<span class=\"elementor-icon-list-icon\">\n\t\t\t\t\t\t\t<i aria-hidden=\"true\" class=\"fas fa-check-circle\"><\/i>\t\t\t\t\t\t<\/span>\n\t\t\t\t\t\t\t\t\t\t<span class=\"elementor-icon-list-text\">Glauben Sie nicht? \u2013 Kontaktieren Sie uns. Wir skalieren Profi-Qualit\u00e4t in jede Gr\u00f6\u00dfe!<\/span>\n\t\t\t\t\t\t\t\t\t\t\t<\/a>\n\t\t\t\t\t\t\t\t\t<\/li>\n\t\t\t\t\t\t<\/ul>\n\t\t\t\t\t\t<\/div>\n\t\t\t\t<\/div>\n\t\t<div class=\"elementor-element elementor-element-3bea6b3 e-con-full e-flex e-con e-child\" data-id=\"3bea6b3\" data-element_type=\"container\" data-settings=\"{&quot;wdb_enable_cursor_hover_effect_text&quot;:&quot;View&quot;}\">\n\t\t\t\t<\/div>\n\t\t\t\t\t<\/div>\n\t\t\t\t<\/div>\n\t\t<div class=\"elementor-element elementor-element-cac3c22 e-con-full e-flex e-con e-parent\" data-id=\"cac3c22\" data-element_type=\"container\" data-settings=\"{&quot;wdb_enable_cursor_hover_effect_text&quot;:&quot;View&quot;}\">\n\t\t\t\t<div class=\"elementor-element elementor-element-ebe2c52 elementor-widget__width-initial elementor-widget elementor-widget-heading\" data-id=\"ebe2c52\" data-element_type=\"widget\" data-widget_type=\"heading.default\">\n\t\t\t\t\t<h2 class=\"elementor-heading-title elementor-size-default\">Einige unserer Projekteerfahrungen in diesem Bereich<\/h2>\t\t\t\t<\/div>\n\t\t\t\t<div class=\"elementor-element elementor-element-371fc02 elementor-widget__width-inherit elementor-widget-mobile__width-inherit elementor-widget elementor-widget-text-editor\" data-id=\"371fc02\" data-element_type=\"widget\" data-widget_type=\"text-editor.default\">\n\t\t\t\t\t\t\t\t\t<p style=\"text-align: center;\">Schauen Sie gerne auch mal auf die Projekte, bei denen wir bereits erfolgreich helfen konnten:<\/p>\t\t\t\t\t\t\t\t<\/div>\n\t\t\t\t<\/div>\n\t\t<div class=\"elementor-element elementor-element-d71b581 e-flex e-con-boxed e-con e-parent\" data-id=\"d71b581\" data-element_type=\"container\" data-settings=\"{&quot;wdb_enable_cursor_hover_effect_text&quot;:&quot;View&quot;}\">\n\t\t\t\t\t<div class=\"e-con-inner\">\n\t\t\t\t<div class=\"elementor-element elementor-element-49139a1 elementor-widget elementor-widget-elementskit-blog-posts\" data-id=\"49139a1\" data-element_type=\"widget\" data-widget_type=\"elementskit-blog-posts.default\">\n\t\t\t\t\t<div class=\"ekit-wid-con\" >        <div id=\"post-items--49139a1\" class=\"row post-items\">\n                    <div class=\"col-md-12\">\n\n                                    <div class=\"elementskit-blog-block-post\">\n                        <div class=\"row no-gutters\">\n                                                            <div class=\"col-md-6 order-1\">\n                                    <a href=\"https:\/\/highprocstruc.com\/de\/project-057\/\" class=\"elementskit-entry-thumb\">\n                                        <img decoding=\"async\" data-src=\"https:\/\/highprocstruc.com\/de\/wp-content\/uploads\/2018\/08\/project_057_conversion_billing_systemprocesses_optic_health-768x456.png\" alt=\"Umstellung eines veralteten Abrechnungssystems\" src=\"data:image\/svg+xml;base64,PHN2ZyB3aWR0aD0iMSIgaGVpZ2h0PSIxIiB4bWxucz0iaHR0cDovL3d3dy53My5vcmcvMjAwMC9zdmciPjwvc3ZnPg==\" class=\"lazyload\" style=\"--smush-placeholder-width: 768px; --smush-placeholder-aspect-ratio: 768\/456;\">\n                                    <\/a><!-- .elementskit-entry-thumb END -->\n                                <\/div>\n                            \n                            <div class=\"col-md-6 order-2\">\n                                <div class=\"elementskit-post-body \">\n                                    <div class=\"elementskit-entry-header\">\n                                        \n                                                                                            \t\t\t\t\t                                            \n                                            \n                                                                                            \t\t\t\t<h2 class=\"entry-title\">\n\t\t\t\t\t<a href=\"https:\/\/highprocstruc.com\/de\/project-057\/\">\n\t\t\t\t\t\tUmstellung eines veralteten Abrechnungssystems\t\t\t\t\t<\/a>\n\t\t\t\t<\/h2>\n\t\t\t                                                                                <\/div><!-- .elementskit-entry-header END -->\n\n                                                                            <div class=\"elementskit-post-footer\">\n                                                                                            <p>F\u00fcr ein Unternehmen im Gesundheitssektor sollte das veraltete Abrechnungsystem durch ein neues ersetzt werden. Hierzu sollten alle erforderlichen Absprachen mit dem Softwareanbieter \u00fcbernommen und eine, in die Infrastrukturlandschaft passende L\u00f6sung&hellip;<\/p>\n                                                                                                                                <\/div><!-- .elementskit-post-footer END -->\n                                                                    <\/div><!-- .elementskit-post-body END -->\n                            <\/div>\n                        <\/div>\n                    <\/div><!-- .elementskit-blog-block-post .radius .gradient-bg END -->\n                \n            <\/div>\n                    <div class=\"col-md-12\">\n\n                                    <div class=\"elementskit-blog-block-post\">\n                        <div class=\"row no-gutters\">\n                                                            <div class=\"col-md-6 order-1\">\n                                    <a href=\"https:\/\/highprocstruc.com\/de\/project-056\/\" class=\"elementskit-entry-thumb\">\n                                        <img decoding=\"async\" data-src=\"https:\/\/highprocstruc.com\/de\/wp-content\/uploads\/2018\/06\/project_056_high-performance_internet_solution_tax_office-768x456.png\" alt=\"Konzeption einer Leistungsstarken geb\u00fcndelten Internetanbindung\" src=\"data:image\/svg+xml;base64,PHN2ZyB3aWR0aD0iMSIgaGVpZ2h0PSIxIiB4bWxucz0iaHR0cDovL3d3dy53My5vcmcvMjAwMC9zdmciPjwvc3ZnPg==\" class=\"lazyload\" style=\"--smush-placeholder-width: 768px; --smush-placeholder-aspect-ratio: 768\/456;\">\n                                    <\/a><!-- .elementskit-entry-thumb END -->\n                                <\/div>\n                            \n                            <div class=\"col-md-6 order-2\">\n                                <div class=\"elementskit-post-body \">\n                                    <div class=\"elementskit-entry-header\">\n                                        \n                                                                                            \t\t\t\t\t                                            \n                                            \n                                                                                            \t\t\t\t<h2 class=\"entry-title\">\n\t\t\t\t\t<a href=\"https:\/\/highprocstruc.com\/de\/project-056\/\">\n\t\t\t\t\t\tKonzeption einer Leistungsstarken geb\u00fcndelten Internetanbindung\t\t\t\t\t<\/a>\n\t\t\t\t<\/h2>\n\t\t\t                                                                                <\/div><!-- .elementskit-entry-header END -->\n\n                                                                            <div class=\"elementskit-post-footer\">\n                                                                                            <p>F\u00fcr ein Unternehmen im Bereich der Steuerberatung soll eine TK-Anlage auf ISDN-Basis mit Anlagenanschluss f\u00fcr die zu erwartende IP-Umstellung vorbereitet werden. Alternativ war ein L\u00f6sungskonzept f\u00fcr einen Betrieb mit SIP-Trunk&hellip;<\/p>\n                                                                                                                                <\/div><!-- .elementskit-post-footer END -->\n                                                                    <\/div><!-- .elementskit-post-body END -->\n                            <\/div>\n                        <\/div>\n                    <\/div><!-- .elementskit-blog-block-post .radius .gradient-bg END -->\n                \n            <\/div>\n                    <div class=\"col-md-12\">\n\n                                    <div class=\"elementskit-blog-block-post\">\n                        <div class=\"row no-gutters\">\n                                                            <div class=\"col-md-6 order-1\">\n                                    <a href=\"https:\/\/highprocstruc.com\/de\/project-054\/\" class=\"elementskit-entry-thumb\">\n                                        <img decoding=\"async\" data-src=\"https:\/\/highprocstruc.com\/de\/wp-content\/uploads\/2018\/05\/project_054_easy_secure_data_transfer_health_customers-768x456.png\" alt=\"Realisierung eines leicht  zu bedienenden und hochsicheren Datentransfers f\u00fcr den Kundendatenaustausch eines Unternehmens\" src=\"data:image\/svg+xml;base64,PHN2ZyB3aWR0aD0iMSIgaGVpZ2h0PSIxIiB4bWxucz0iaHR0cDovL3d3dy53My5vcmcvMjAwMC9zdmciPjwvc3ZnPg==\" class=\"lazyload\" style=\"--smush-placeholder-width: 768px; --smush-placeholder-aspect-ratio: 768\/456;\">\n                                    <\/a><!-- .elementskit-entry-thumb END -->\n                                <\/div>\n                            \n                            <div class=\"col-md-6 order-2\">\n                                <div class=\"elementskit-post-body \">\n                                    <div class=\"elementskit-entry-header\">\n                                        \n                                                                                            \t\t\t\t\t                                            \n                                            \n                                                                                            \t\t\t\t<h2 class=\"entry-title\">\n\t\t\t\t\t<a href=\"https:\/\/highprocstruc.com\/de\/project-054\/\">\n\t\t\t\t\t\tRealisierung eines leicht  zu bedienenden und hochsicheren Datentransfers f\u00fcr den Kundendatenaustausch eines Unternehmens\t\t\t\t\t<\/a>\n\t\t\t\t<\/h2>\n\t\t\t                                                                                <\/div><!-- .elementskit-entry-header END -->\n\n                                                                            <div class=\"elementskit-post-footer\">\n                                                                                            <p>Ein Unternehmen im Gesundheitswesen ben\u00f6tigte die M\u00f6glichkeit, Daten sicher mit den Kunden austauschen zu k\u00f6nnen. Da die Kunden die Daten senden m\u00fcssen ist ein sicherer Versand durch das Unternehmen an&hellip;<\/p>\n                                                                                                                                <\/div><!-- .elementskit-post-footer END -->\n                                                                    <\/div><!-- .elementskit-post-body END -->\n                            <\/div>\n                        <\/div>\n                    <\/div><!-- .elementskit-blog-block-post .radius .gradient-bg END -->\n                \n            <\/div>\n                <\/div>\n       <\/div>\t\t\t\t<\/div>\n\t\t\t\t\t<\/div>\n\t\t\t\t<\/div>\n\t\t<div class=\"elementor-element elementor-element-beb3d6a e-con-full e-flex e-con e-child\" data-id=\"beb3d6a\" data-element_type=\"container\" data-settings=\"{&quot;wdb_enable_cursor_hover_effect_text&quot;:&quot;View&quot;}\">\n\t\t<div class=\"elementor-element elementor-element-9a3c93f e-con-full e-flex e-con e-child\" data-id=\"9a3c93f\" data-element_type=\"container\" data-settings=\"{&quot;wdb_enable_cursor_hover_effect_text&quot;:&quot;View&quot;}\">\n\t\t\t\t<div class=\"elementor-element elementor-element-3035682 elementor-widget elementor-widget-shortcode\" data-id=\"3035682\" data-element_type=\"widget\" data-widget_type=\"shortcode.default\">\n\t\t\t\t\t\t\t<div class=\"elementor-shortcode\"><h4><a href=\"https:\/\/highprocstruc.com\/de\/category\/project\/company\/company-size\/micro-enterprise\/\" title=\"Zeigt eine Liste mit allen 28 Projekten dieses Bereichs an.\" target=\"_blank\">Alle 28 Projekte in diesem Bereich anzeigen ...<\/a><\/h4><\/div>\n\t\t\t\t\t\t<\/div>\n\t\t\t\t<\/div>\n\t\t\t\t<\/div>\n\t\t\t\t<\/div>\n\t\t","protected":false},"excerpt":{"rendered":"<p>highprocstruc Kleine Unternehmen PROZESSE | STRUKTUREN | HIGH-TECH KLEIN ABER BEDEUTEND Kleine Unternehmen, die oftmals aus einer einzigen Person bestehen, sind nicht nur sehr wichtig f\u00fcr die Wirtschaft, sondern sie haben auch ganz besondere Herausforderungen: Wo es gro\u00dfe Unternehmen leicht haben, Investitionen f\u00fcr eine Verbesserung der Infrastruktur, der Prozesse und der Strukturen in die Hand [&hellip;]<\/p>\n","protected":false},"author":1,"featured_media":0,"parent":5083,"menu_order":0,"comment_status":"closed","ping_status":"closed","template":"elementor_header_footer","meta":{"footnotes":""},"class_list":["post-6099","page","type-page","status-publish","hentry"],"_links":{"self":[{"href":"https:\/\/highprocstruc.com\/de\/wp-json\/wp\/v2\/pages\/6099","targetHints":{"allow":["GET"]}}],"collection":[{"href":"https:\/\/highprocstruc.com\/de\/wp-json\/wp\/v2\/pages"}],"about":[{"href":"https:\/\/highprocstruc.com\/de\/wp-json\/wp\/v2\/types\/page"}],"author":[{"embeddable":true,"href":"https:\/\/highprocstruc.com\/de\/wp-json\/wp\/v2\/users\/1"}],"replies":[{"embeddable":true,"href":"https:\/\/highprocstruc.com\/de\/wp-json\/wp\/v2\/comments?post=6099"}],"version-history":[{"count":10,"href":"https:\/\/highprocstruc.com\/de\/wp-json\/wp\/v2\/pages\/6099\/revisions"}],"predecessor-version":[{"id":8749,"href":"https:\/\/highprocstruc.com\/de\/wp-json\/wp\/v2\/pages\/6099\/revisions\/8749"}],"up":[{"embeddable":true,"href":"https:\/\/highprocstruc.com\/de\/wp-json\/wp\/v2\/pages\/5083"}],"wp:attachment":[{"href":"https:\/\/highprocstruc.com\/de\/wp-json\/wp\/v2\/media?parent=6099"}],"curies":[{"name":"wp","href":"https:\/\/api.w.org\/{rel}","templated":true}]}}