{"id":5083,"date":"2025-07-09T15:03:56","date_gmt":"2025-07-09T15:03:56","guid":{"rendered":"http:\/\/highprocstruc.com\/?page_id=5083"},"modified":"2025-08-30T07:46:40","modified_gmt":"2025-08-30T07:46:40","slug":"company-sizes","status":"publish","type":"page","link":"https:\/\/highprocstruc.com\/de\/who-we-serve\/company-sizes\/","title":{"rendered":"Company SIzes"},"content":{"rendered":"\t\t<div data-elementor-type=\"wp-page\" data-elementor-id=\"5083\" class=\"elementor elementor-5083\">\n\t\t\t\t<div class=\"elementor-element elementor-element-1ba749d e-flex e-con-boxed e-con e-parent\" data-id=\"1ba749d\" data-element_type=\"container\" data-settings=\"{&quot;wdb_enable_cursor_hover_effect_text&quot;:&quot;View&quot;,&quot;background_background&quot;:&quot;gradient&quot;}\">\n\t\t\t\t\t<div class=\"e-con-inner\">\n\t\t<div class=\"elementor-element elementor-element-014bcf1 e-con-full e-flex e-con e-child\" data-id=\"014bcf1\" data-element_type=\"container\" data-settings=\"{&quot;wdb_enable_cursor_hover_effect_text&quot;:&quot;View&quot;}\">\n\t\t<div class=\"elementor-element elementor-element-0d8e462 e-con-full e-flex e-con e-child\" data-id=\"0d8e462\" data-element_type=\"container\" data-settings=\"{&quot;wdb_enable_cursor_hover_effect_text&quot;:&quot;View&quot;}\">\n\t\t<div class=\"elementor-element elementor-element-5e16a6a e-con-full e-flex e-con e-child\" data-id=\"5e16a6a\" data-element_type=\"container\" data-settings=\"{&quot;wdb_enable_cursor_hover_effect_text&quot;:&quot;View&quot;}\">\n\t\t\t\t<div class=\"elementor-element elementor-element-b774edc elementor-widget__width-initial elementor-widget-tablet__width-inherit elementor-widget elementor-widget-heading\" data-id=\"b774edc\" data-element_type=\"widget\" data-widget_type=\"heading.default\">\n\t\t\t\t\t<p class=\"elementor-heading-title elementor-size-default\"> highprocstruc<\/p>\t\t\t\t<\/div>\n\t\t\t\t<div class=\"elementor-element elementor-element-6e95930 elementor-widget__width-initial elementor-widget-tablet__width-inherit elementor-widget elementor-widget-heading\" data-id=\"6e95930\" data-element_type=\"widget\" data-widget_type=\"heading.default\">\n\t\t\t\t\t<p class=\"elementor-heading-title elementor-size-default\">Unternehmensgr\u00f6\u00dfen<\/p>\t\t\t\t<\/div>\n\t\t\t\t<\/div>\n\t\t<div class=\"elementor-element elementor-element-6ffaa36 e-con-full e-flex e-con e-child\" data-id=\"6ffaa36\" data-element_type=\"container\" data-settings=\"{&quot;wdb_enable_cursor_hover_effect_text&quot;:&quot;View&quot;}\">\n\t\t\t\t<div class=\"elementor-element elementor-element-78924af elementor-widget-mobile__width-inherit elementor-widget elementor-widget-text-editor\" data-id=\"78924af\" data-element_type=\"widget\" data-widget_type=\"text-editor.default\">\n\t\t\t\t\t\t\t\t\t<p>PROZESSE | STRUKTUREN | HIGH-TECH<\/p>\t\t\t\t\t\t\t\t<\/div>\n\t\t\t\t<\/div>\n\t\t\t\t<\/div>\n\t\t<div class=\"elementor-element elementor-element-af2cad7 e-con-full e-flex e-con e-child\" data-id=\"af2cad7\" data-element_type=\"container\" data-settings=\"{&quot;wdb_enable_cursor_hover_effect_text&quot;:&quot;View&quot;,&quot;background_background&quot;:&quot;classic&quot;}\">\n\t\t\t\t<\/div>\n\t\t\t\t<\/div>\n\t\t\t\t\t<\/div>\n\t\t\t\t<\/div>\n\t\t<div class=\"elementor-element elementor-element-4a923fd e-flex e-con-boxed e-con e-parent\" data-id=\"4a923fd\" data-element_type=\"container\" data-settings=\"{&quot;wdb_enable_cursor_hover_effect_text&quot;:&quot;View&quot;}\">\n\t\t\t\t\t<div class=\"e-con-inner\">\n\t\t\t\t<div class=\"elementor-element elementor-element-cff703f elementor-widget elementor-widget-spacer\" data-id=\"cff703f\" data-element_type=\"widget\" data-widget_type=\"spacer.default\">\n\t\t\t\t\t\t\t<div class=\"elementor-spacer\">\n\t\t\t<div class=\"elementor-spacer-inner\"><\/div>\n\t\t<\/div>\n\t\t\t\t\t\t<\/div>\n\t\t\t\t\t<\/div>\n\t\t\t\t<\/div>\n\t\t<div class=\"elementor-element elementor-element-87bcda3 e-flex e-con-boxed e-con e-parent\" data-id=\"87bcda3\" data-element_type=\"container\" data-settings=\"{&quot;wdb_enable_cursor_hover_effect_text&quot;:&quot;View&quot;}\">\n\t\t\t\t\t<div class=\"e-con-inner\">\n\t\t\t\t<div class=\"elementor-element elementor-element-85c2f6a elementor-widget__width-initial elementor-widget elementor-widget-heading\" data-id=\"85c2f6a\" data-element_type=\"widget\" data-widget_type=\"heading.default\">\n\t\t\t\t\t<h2 class=\"elementor-heading-title elementor-size-default\">VON KLEIN BIS RIESIG \u2013 WIR HELFEN!<\/h2>\t\t\t\t<\/div>\n\t\t\t\t\t<\/div>\n\t\t\t\t<\/div>\n\t\t<div class=\"elementor-element elementor-element-a82364c e-flex e-con-boxed e-con e-parent\" data-id=\"a82364c\" data-element_type=\"container\" data-settings=\"{&quot;wdb_enable_cursor_hover_effect_text&quot;:&quot;View&quot;}\">\n\t\t\t\t\t<div class=\"e-con-inner\">\n\t\t<div class=\"elementor-element elementor-element-32f889a e-con-full e-flex e-con e-child\" data-id=\"32f889a\" data-element_type=\"container\" data-settings=\"{&quot;wdb_enable_cursor_hover_effect_text&quot;:&quot;View&quot;}\">\n\t\t\t\t<\/div>\n\t\t<div class=\"elementor-element elementor-element-078b1b3 e-con-full e-flex e-con e-child\" data-id=\"078b1b3\" data-element_type=\"container\" data-settings=\"{&quot;wdb_enable_cursor_hover_effect_text&quot;:&quot;View&quot;}\">\n\t\t\t\t<div class=\"elementor-element elementor-element-090ac47 elementor-widget__width-initial elementor-widget-mobile__width-inherit elementor-widget elementor-widget-text-editor\" data-id=\"090ac47\" data-element_type=\"widget\" data-widget_type=\"text-editor.default\">\n\t\t\t\t\t\t\t\t\t<p>Durch unsere vielf\u00e4ltigen Erfahrungen in ganz unterschiedlichen Unternehmensgr\u00f6\u00dfen und -formen sind wir in der Lage, auf jeder Ebene Unterst\u00fctzung f\u00fcr unsere Kunden zu leisten. Ob Kleinstunternehmen, Start-Up, Mittelstand oder Gro\u00dfunternehmen und Global Player \u2013 wir haben \u00fcberall f\u00fcr Verbesserung gesorgt.<\/p><p>Zwar sind die Herausforderungen aufgrund der Unternehmensgr\u00f6\u00dfe unterschiedlich, doch gerade im Hinblick auf stabile Strukturen, effiziente Prozesse und wirtschaftlichen Erfolg eint unsere Kunden die technische, menschliche und unternehmerische Problemstellung. Gleichwohl unterscheiden sich oftmals die Methoden und Werkzeuge, die Anwendung finden k\u00f6nnen und f\u00fcr die Unternehmensgr\u00f6\u00dfe passend sind. Gerade hier bieten wir mit unserer Erfahrung die geeignete Hilfe, um die Aufgaben in wirtschaftlicher Weise zu l\u00f6sen und unsere Kunden erfolgreicher zu machen.<\/p>\t\t\t\t\t\t\t\t<\/div>\n\t\t\t\t<\/div>\n\t\t<div class=\"elementor-element elementor-element-e46c77d e-con-full e-flex e-con e-child\" data-id=\"e46c77d\" data-element_type=\"container\" data-settings=\"{&quot;wdb_enable_cursor_hover_effect_text&quot;:&quot;View&quot;}\">\n\t\t\t\t<div class=\"elementor-element elementor-element-2b63618 elementor-widget__width-initial elementor-widget elementor-widget-heading\" data-id=\"2b63618\" data-element_type=\"widget\" data-widget_type=\"heading.default\">\n\t\t\t\t\t<div class=\"elementor-heading-title elementor-size-default\">Unternehmensgr\u00f6\u00dfen, die wir unterst\u00fctzen<\/div>\t\t\t\t<\/div>\n\t\t\t\t<div class=\"elementor-element elementor-element-14ade3b elementor-widget__width-initial elementor-widget-mobile__width-inherit elementor-widget elementor-widget-text-editor\" data-id=\"14ade3b\" data-element_type=\"widget\" data-widget_type=\"text-editor.default\">\n\t\t\t\t\t\t\t\t\t<p>W\u00e4hlen Sie eine Unternehmensgr\u00f6\u00dfe und schauen Sie, was wir f\u00fcr Ihre Unternehmensgr\u00f6\u00dfe leisten.<\/p>\t\t\t\t\t\t\t\t<\/div>\n\t\t\t\t<div class=\"elementor-element elementor-element-57d7def elementor-widget elementor-widget-wdb--button\" data-id=\"57d7def\" data-element_type=\"widget\" data-widget_type=\"wdb--button.default\">\n\t\t\t\t<div class=\"elementor-widget-container\">\n\t\t\t\t\t        <div class=\"wdb__btn\">\r\n\t\t\t            <div class=\"btn-wrapper\">\r\n\t\t\t\t                <a href=\"https:\/\/highprocstruc.com\/de\/who-we-serve\/company-sizes\/global-enterprises\/\" class=\"wdb-btn-ellipse btn-item\">\r\n\t\t\t\t\t<i aria-hidden=\"true\" class=\"fas fa-check-circle\"><\/i>\t\t\t\t\tGlobal Player                <\/a>\r\n\t\t\t\t            <\/div>\r\n\t\t        <\/div>\r\n\t\t\t\t\t\t<\/div>\n\t\t\t\t<\/div>\n\t\t\t\t<div class=\"elementor-element elementor-element-4ad80b0 elementor-widget elementor-widget-wdb--button\" data-id=\"4ad80b0\" data-element_type=\"widget\" data-widget_type=\"wdb--button.default\">\n\t\t\t\t<div class=\"elementor-widget-container\">\n\t\t\t\t\t        <div class=\"wdb__btn\">\r\n\t\t\t            <div class=\"btn-wrapper\">\r\n\t\t\t\t                <a href=\"https:\/\/highprocstruc.com\/de\/who-we-serve\/company-sizes\/large-enterprises\/\" class=\"wdb-btn-ellipse btn-item\">\r\n\t\t\t\t\t<i aria-hidden=\"true\" class=\"fas fa-check-circle\"><\/i>\t\t\t\t\tGro\u00dfunternehmen                <\/a>\r\n\t\t\t\t            <\/div>\r\n\t\t        <\/div>\r\n\t\t\t\t\t\t<\/div>\n\t\t\t\t<\/div>\n\t\t\t\t<div class=\"elementor-element elementor-element-9218879 elementor-widget elementor-widget-wdb--button\" data-id=\"9218879\" data-element_type=\"widget\" data-widget_type=\"wdb--button.default\">\n\t\t\t\t<div class=\"elementor-widget-container\">\n\t\t\t\t\t        <div class=\"wdb__btn\">\r\n\t\t\t            <div class=\"btn-wrapper\">\r\n\t\t\t\t                <a href=\"https:\/\/highprocstruc.com\/de\/who-we-serve\/company-sizes\/small-medium-sized-enterprises\/\" class=\"wdb-btn-ellipse btn-item\">\r\n\t\t\t\t\t<i aria-hidden=\"true\" class=\"fas fa-check-circle\"><\/i>\t\t\t\t\tMittelst\u00e4ndige Unternehmen                <\/a>\r\n\t\t\t\t            <\/div>\r\n\t\t        <\/div>\r\n\t\t\t\t\t\t<\/div>\n\t\t\t\t<\/div>\n\t\t\t\t<div class=\"elementor-element elementor-element-9ce36bc elementor-widget elementor-widget-wdb--button\" data-id=\"9ce36bc\" data-element_type=\"widget\" data-widget_type=\"wdb--button.default\">\n\t\t\t\t<div class=\"elementor-widget-container\">\n\t\t\t\t\t        <div class=\"wdb__btn\">\r\n\t\t\t            <div class=\"btn-wrapper\">\r\n\t\t\t\t                <a href=\"https:\/\/highprocstruc.com\/de\/who-we-serve\/company-sizes\/small-businesses\/\" class=\"wdb-btn-ellipse btn-item\">\r\n\t\t\t\t\t<i aria-hidden=\"true\" class=\"fas fa-check-circle\"><\/i>\t\t\t\t\tKleine Unternehmen                <\/a>\r\n\t\t\t\t            <\/div>\r\n\t\t        <\/div>\r\n\t\t\t\t\t\t<\/div>\n\t\t\t\t<\/div>\n\t\t\t\t<\/div>\n\t\t<div class=\"elementor-element elementor-element-6d0d4fa e-con-full e-flex e-con e-child\" data-id=\"6d0d4fa\" data-element_type=\"container\" data-settings=\"{&quot;wdb_enable_cursor_hover_effect_text&quot;:&quot;View&quot;}\">\n\t\t\t\t<\/div>\n\t\t\t\t\t<\/div>\n\t\t\t\t<\/div>\n\t\t\t\t<\/div>\n\t\t","protected":false},"excerpt":{"rendered":"<p>highprocstruc Unternehmensgr\u00f6\u00dfen PROZESSE | STRUKTUREN | HIGH-TECH VON KLEIN BIS RIESIG \u2013 WIR HELFEN! Durch unsere vielf\u00e4ltigen Erfahrungen in ganz unterschiedlichen Unternehmensgr\u00f6\u00dfen und -formen sind wir in der Lage, auf jeder Ebene Unterst\u00fctzung f\u00fcr unsere Kunden zu leisten. Ob Kleinstunternehmen, Start-Up, Mittelstand oder Gro\u00dfunternehmen und Global Player \u2013 wir haben \u00fcberall f\u00fcr Verbesserung gesorgt. Zwar [&hellip;]<\/p>\n","protected":false},"author":1,"featured_media":0,"parent":4813,"menu_order":0,"comment_status":"closed","ping_status":"closed","template":"elementor_header_footer","meta":{"footnotes":""},"class_list":["post-5083","page","type-page","status-publish","hentry"],"_links":{"self":[{"href":"https:\/\/highprocstruc.com\/de\/wp-json\/wp\/v2\/pages\/5083","targetHints":{"allow":["GET"]}}],"collection":[{"href":"https:\/\/highprocstruc.com\/de\/wp-json\/wp\/v2\/pages"}],"about":[{"href":"https:\/\/highprocstruc.com\/de\/wp-json\/wp\/v2\/types\/page"}],"author":[{"embeddable":true,"href":"https:\/\/highprocstruc.com\/de\/wp-json\/wp\/v2\/users\/1"}],"replies":[{"embeddable":true,"href":"https:\/\/highprocstruc.com\/de\/wp-json\/wp\/v2\/comments?post=5083"}],"version-history":[{"count":10,"href":"https:\/\/highprocstruc.com\/de\/wp-json\/wp\/v2\/pages\/5083\/revisions"}],"predecessor-version":[{"id":8693,"href":"https:\/\/highprocstruc.com\/de\/wp-json\/wp\/v2\/pages\/5083\/revisions\/8693"}],"up":[{"embeddable":true,"href":"https:\/\/highprocstruc.com\/de\/wp-json\/wp\/v2\/pages\/4813"}],"wp:attachment":[{"href":"https:\/\/highprocstruc.com\/de\/wp-json\/wp\/v2\/media?parent=5083"}],"curies":[{"name":"wp","href":"https:\/\/api.w.org\/{rel}","templated":true}]}}