{"id":5074,"date":"2025-07-09T15:00:30","date_gmt":"2025-07-09T15:00:30","guid":{"rendered":"http:\/\/highprocstruc.com\/?page_id=5074"},"modified":"2025-08-30T07:31:54","modified_gmt":"2025-08-30T07:31:54","slug":"team-set-up-management-development","status":"publish","type":"page","link":"https:\/\/highprocstruc.com\/de\/our-services\/team-set-up-management-development\/","title":{"rendered":"Team Set-Up, Management &#038; Development"},"content":{"rendered":"\t\t<div data-elementor-type=\"wp-page\" data-elementor-id=\"5074\" class=\"elementor elementor-5074\">\n\t\t\t\t<div class=\"elementor-element elementor-element-1ba749d e-flex e-con-boxed e-con e-parent\" data-id=\"1ba749d\" data-element_type=\"container\" data-settings=\"{&quot;wdb_enable_cursor_hover_effect_text&quot;:&quot;View&quot;,&quot;background_background&quot;:&quot;gradient&quot;}\">\n\t\t\t\t\t<div class=\"e-con-inner\">\n\t\t<div class=\"elementor-element elementor-element-014bcf1 e-con-full e-flex e-con e-child\" data-id=\"014bcf1\" data-element_type=\"container\" data-settings=\"{&quot;wdb_enable_cursor_hover_effect_text&quot;:&quot;View&quot;}\">\n\t\t<div class=\"elementor-element elementor-element-0d8e462 e-con-full e-flex e-con e-child\" data-id=\"0d8e462\" data-element_type=\"container\" data-settings=\"{&quot;wdb_enable_cursor_hover_effect_text&quot;:&quot;View&quot;}\">\n\t\t<div class=\"elementor-element elementor-element-5e16a6a e-con-full e-flex e-con e-child\" data-id=\"5e16a6a\" data-element_type=\"container\" data-settings=\"{&quot;wdb_enable_cursor_hover_effect_text&quot;:&quot;View&quot;}\">\n\t\t\t\t<div class=\"elementor-element elementor-element-b774edc elementor-widget__width-initial elementor-widget-tablet__width-inherit elementor-widget elementor-widget-heading\" data-id=\"b774edc\" data-element_type=\"widget\" data-widget_type=\"heading.default\">\n\t\t\t\t\t<p class=\"elementor-heading-title elementor-size-default\"> highprocstruc<\/p>\t\t\t\t<\/div>\n\t\t\t\t<div class=\"elementor-element elementor-element-6e95930 elementor-widget__width-initial elementor-widget-tablet__width-inherit elementor-widget elementor-widget-heading\" data-id=\"6e95930\" data-element_type=\"widget\" data-widget_type=\"heading.default\">\n\t\t\t\t\t<p class=\"elementor-heading-title elementor-size-default\">Team-Aufbau, -F\u00fchrung &amp; Entwicklung<\/p>\t\t\t\t<\/div>\n\t\t\t\t<\/div>\n\t\t<div class=\"elementor-element elementor-element-6ffaa36 e-con-full e-flex e-con e-child\" data-id=\"6ffaa36\" data-element_type=\"container\" data-settings=\"{&quot;wdb_enable_cursor_hover_effect_text&quot;:&quot;View&quot;}\">\n\t\t\t\t<div class=\"elementor-element elementor-element-78924af elementor-widget-mobile__width-inherit elementor-widget elementor-widget-text-editor\" data-id=\"78924af\" data-element_type=\"widget\" data-widget_type=\"text-editor.default\">\n\t\t\t\t\t\t\t\t\t<p>PROZESSE | STRUKTUREN | HIGH-TECH<\/p>\t\t\t\t\t\t\t\t<\/div>\n\t\t\t\t<\/div>\n\t\t\t\t<\/div>\n\t\t<div class=\"elementor-element elementor-element-af2cad7 e-con-full e-flex e-con e-child\" data-id=\"af2cad7\" data-element_type=\"container\" data-settings=\"{&quot;wdb_enable_cursor_hover_effect_text&quot;:&quot;View&quot;,&quot;background_background&quot;:&quot;classic&quot;}\">\n\t\t\t\t<\/div>\n\t\t\t\t<\/div>\n\t\t\t\t\t<\/div>\n\t\t\t\t<\/div>\n\t\t<div class=\"elementor-element elementor-element-5894664 e-flex e-con-boxed e-con e-parent\" data-id=\"5894664\" data-element_type=\"container\" data-settings=\"{&quot;wdb_enable_cursor_hover_effect_text&quot;:&quot;View&quot;}\">\n\t\t\t\t\t<div class=\"e-con-inner\">\n\t\t\t\t<div class=\"elementor-element elementor-element-1f7838b elementor-widget elementor-widget-spacer\" data-id=\"1f7838b\" data-element_type=\"widget\" data-widget_type=\"spacer.default\">\n\t\t\t\t\t\t\t<div class=\"elementor-spacer\">\n\t\t\t<div class=\"elementor-spacer-inner\"><\/div>\n\t\t<\/div>\n\t\t\t\t\t\t<\/div>\n\t\t\t\t\t<\/div>\n\t\t\t\t<\/div>\n\t\t<div class=\"elementor-element elementor-element-24471e1 e-flex e-con-boxed e-con e-parent\" data-id=\"24471e1\" data-element_type=\"container\" data-settings=\"{&quot;wdb_enable_cursor_hover_effect_text&quot;:&quot;View&quot;}\">\n\t\t\t\t\t<div class=\"e-con-inner\">\n\t\t\t\t<div class=\"elementor-element elementor-element-1f79601 elementor-widget__width-initial elementor-widget elementor-widget-heading\" data-id=\"1f79601\" data-element_type=\"widget\" data-widget_type=\"heading.default\">\n\t\t\t\t\t<h2 class=\"elementor-heading-title elementor-size-default\">TEAMS ENTWICKELN UND ZUR PERFORMANCE F\u00dcHREN<\/h2>\t\t\t\t<\/div>\n\t\t\t\t\t<\/div>\n\t\t\t\t<\/div>\n\t\t<div class=\"elementor-element elementor-element-95d9bdf e-flex e-con-boxed e-con e-parent\" data-id=\"95d9bdf\" data-element_type=\"container\" data-settings=\"{&quot;wdb_enable_cursor_hover_effect_text&quot;:&quot;View&quot;}\">\n\t\t\t\t\t<div class=\"e-con-inner\">\n\t\t<div class=\"elementor-element elementor-element-3ab34fb e-con-full e-flex e-con e-child\" data-id=\"3ab34fb\" data-element_type=\"container\" data-settings=\"{&quot;wdb_enable_cursor_hover_effect_text&quot;:&quot;View&quot;}\">\n\t\t\t\t<\/div>\n\t\t<div class=\"elementor-element elementor-element-c15cdad e-con-full e-flex e-con e-child\" data-id=\"c15cdad\" data-element_type=\"container\" data-settings=\"{&quot;wdb_enable_cursor_hover_effect_text&quot;:&quot;View&quot;}\">\n\t\t\t\t<div class=\"elementor-element elementor-element-3bc8098 elementor-widget__width-initial elementor-widget-mobile__width-inherit elementor-widget elementor-widget-text-editor\" data-id=\"3bc8098\" data-element_type=\"widget\" data-widget_type=\"text-editor.default\">\n\t\t\t\t\t\t\t\t\t<p>Durch unsere langj\u00e4hrige Erfahrung im Aufbau, der F\u00fchrung und der Entwicklung von Teams mit h\u00f6chster Leistung und brillanten Ergebnissen wissen wir, worauf es ankommt.<\/p><p>Wir helfen unseren Kunden durch unser geschultes Auge, die richtigen Mitarbeiter an Bord zu nehmen, Teams so aufzubauen, dass die individuellen F\u00e4higkeiten des Einzelnen sich im Team so erg\u00e4nzen, dass Hochleistungsteams entstehen und bauen die Mitarbeiter zielgerichtet weiter auf, damit auch die h\u00e4rtesten Aufgaben vom Team souver\u00e4n gemeistert werden.<\/p><p>Aber wir k\u00f6nnen auch bestehende Teams aus Problemsituationen herausf\u00fchren, Missst\u00e4nde beseitigen und die Truppe zu neuen Erfolgen f\u00fchren. Wir achten dabei immer auf die pers\u00f6nlichen W\u00fcnsche und F\u00e4higkeiten jedes Team-Mitglieds und aus der Erfahrung wissen wir, dass neben technischen F\u00e4higkeiten vor allem die Zufriedenheit jedes Einzelnen das Fundament f\u00fcr eine erfolgreiche Gruppenleistung bietet. Auch Umstrukturierungserfordernisse erkennen wir und bauen gezielt Teams um, um die harmonische und erfolgreiche Gruppenarbeit mit besten Ergebnissen zu gew\u00e4hrleisten.<\/p><p>Bei Teams, die bereits gute Ergebnisse erzielen, legen wir durch gezielte F\u00f6rderung jedes Einzelnen noch einen drauf und steigern damit das Gesamtergebnis.<\/p>\t\t\t\t\t\t\t\t<\/div>\n\t\t\t\t<\/div>\n\t\t<div class=\"elementor-element elementor-element-7d7a370 e-con-full e-flex e-con e-child\" data-id=\"7d7a370\" data-element_type=\"container\" data-settings=\"{&quot;wdb_enable_cursor_hover_effect_text&quot;:&quot;View&quot;}\">\n\t\t\t\t<div class=\"elementor-element elementor-element-f43c116 elementor-widget__width-initial elementor-widget elementor-widget-heading\" data-id=\"f43c116\" data-element_type=\"widget\" data-widget_type=\"heading.default\">\n\t\t\t\t\t<div class=\"elementor-heading-title elementor-size-default\">Aufgaben in diesem Bereich<\/div>\t\t\t\t<\/div>\n\t\t\t\t<div class=\"elementor-element elementor-element-a740485 elementor-widget elementor-widget-shortcode\" data-id=\"a740485\" data-element_type=\"widget\" data-widget_type=\"shortcode.default\">\n\t\t\t\t\t\t\t<div class=\"elementor-shortcode\"><ul><li><b>Verbesserung<\/b><\/li><ul><li><b>Personalentwicklung (<a href=\"https:\/\/highprocstruc.com\/de\/category\/project\/services\/team-set-up-management-and-development\/improvement\/personnel-development\/\" title=\"See all 7 projects with this characteristic ...\" target=\"_blank\">7<\/a>)<\/b><\/li><ul><\/ul><\/ul><li><b>Vorbereitung<\/b><\/li><ul><li><b>Personalauswahl (<a href=\"https:\/\/highprocstruc.com\/de\/category\/project\/services\/team-set-up-management-and-development\/preparation\/personnel-selection\/\" title=\"See all 9 projects with this characteristic ...\" target=\"_blank\">9<\/a>)<\/b><\/li><ul><\/ul><li><b>Personaleignungspr\u00fcfung (<a href=\"https:\/\/highprocstruc.com\/de\/category\/project\/services\/team-set-up-management-and-development\/preparation\/personnel-suitability-testing\/\" title=\"See all 4 projects with this characteristic ...\" target=\"_blank\">4<\/a>)<\/b><\/li><ul><\/ul><li><b>Personaleinsatz (<a href=\"https:\/\/highprocstruc.com\/de\/category\/project\/services\/team-set-up-management-and-development\/preparation\/personnel-deployment\/\" title=\"See all 16 projects with this characteristic ...\" target=\"_blank\">16<\/a>)<\/b><\/li><ul><\/ul><li><b>Personaleinsatzplanung (<a href=\"https:\/\/highprocstruc.com\/de\/category\/project\/services\/team-set-up-management-and-development\/preparation\/personnel-deployment-planning\/\" title=\"See all 12 projects with this characteristic ...\" target=\"_blank\">12<\/a>)<\/b><\/li><ul><\/ul><\/ul><\/ul><\/div>\n\t\t\t\t\t\t<\/div>\n\t\t\t\t<\/div>\n\t\t<div class=\"elementor-element elementor-element-5cd7741 e-con-full e-flex e-con e-child\" data-id=\"5cd7741\" data-element_type=\"container\" data-settings=\"{&quot;wdb_enable_cursor_hover_effect_text&quot;:&quot;View&quot;}\">\n\t\t\t\t<\/div>\n\t\t\t\t\t<\/div>\n\t\t\t\t<\/div>\n\t\t<div class=\"elementor-element elementor-element-58f0730 e-con-full e-flex e-con e-parent\" data-id=\"58f0730\" data-element_type=\"container\" data-settings=\"{&quot;wdb_enable_cursor_hover_effect_text&quot;:&quot;View&quot;}\">\n\t\t\t\t<div class=\"elementor-element elementor-element-4566e33 elementor-widget__width-initial elementor-widget elementor-widget-heading\" data-id=\"4566e33\" data-element_type=\"widget\" data-widget_type=\"heading.default\">\n\t\t\t\t\t<h2 class=\"elementor-heading-title elementor-size-default\">Einige unserer Projekteerfahrungen in diesem Bereich<\/h2>\t\t\t\t<\/div>\n\t\t\t\t<div class=\"elementor-element elementor-element-f4022dd elementor-widget__width-inherit elementor-widget-mobile__width-inherit elementor-widget elementor-widget-text-editor\" data-id=\"f4022dd\" data-element_type=\"widget\" data-widget_type=\"text-editor.default\">\n\t\t\t\t\t\t\t\t\t<p style=\"text-align: center;\">Hier zeigen wir Ihnen einige Projekte, in denen wir bereits erfolgreich unterwegs waren&#8230;<\/p>\t\t\t\t\t\t\t\t<\/div>\n\t\t\t\t<\/div>\n\t\t<div class=\"elementor-element elementor-element-53f21db e-flex e-con-boxed e-con e-parent\" data-id=\"53f21db\" data-element_type=\"container\" data-settings=\"{&quot;wdb_enable_cursor_hover_effect_text&quot;:&quot;View&quot;}\">\n\t\t\t\t\t<div class=\"e-con-inner\">\n\t\t\t\t<div class=\"elementor-element elementor-element-42dbf8d elementor-widget elementor-widget-elementskit-blog-posts\" data-id=\"42dbf8d\" data-element_type=\"widget\" data-widget_type=\"elementskit-blog-posts.default\">\n\t\t\t\t\t<div class=\"ekit-wid-con\" >        <div id=\"post-items--42dbf8d\" class=\"row post-items\">\n                    <div class=\"col-md-12\">\n\n                                    <div class=\"elementskit-blog-block-post\">\n                        <div class=\"row no-gutters\">\n                                                            <div class=\"col-md-6 order-1\">\n                                    <a href=\"https:\/\/highprocstruc.com\/de\/project-059\/\" class=\"elementskit-entry-thumb\">\n                                        <img decoding=\"async\" data-src=\"https:\/\/highprocstruc.com\/de\/wp-content\/uploads\/2019\/02\/project_059_multiple_team_lead_technology_consulting-768x456.png\" alt=\"Aufbau und Leitung mehrer Teams im Bereich der Technologieberatung und -entwicklung\" src=\"data:image\/svg+xml;base64,PHN2ZyB3aWR0aD0iMSIgaGVpZ2h0PSIxIiB4bWxucz0iaHR0cDovL3d3dy53My5vcmcvMjAwMC9zdmciPjwvc3ZnPg==\" class=\"lazyload\" style=\"--smush-placeholder-width: 768px; --smush-placeholder-aspect-ratio: 768\/456;\">\n                                    <\/a><!-- .elementskit-entry-thumb END -->\n                                <\/div>\n                            \n                            <div class=\"col-md-6 order-2\">\n                                <div class=\"elementskit-post-body \">\n                                    <div class=\"elementskit-entry-header\">\n                                        \n                                                                                            \t\t\t\t\t                                            \n                                            \n                                                                                            \t\t\t\t<h2 class=\"entry-title\">\n\t\t\t\t\t<a href=\"https:\/\/highprocstruc.com\/de\/project-059\/\">\n\t\t\t\t\t\tAufbau und Leitung mehrer Teams im Bereich der Technologieberatung und -entwicklung\t\t\t\t\t<\/a>\n\t\t\t\t<\/h2>\n\t\t\t                                                                                <\/div><!-- .elementskit-entry-header END -->\n\n                                                                            <div class=\"elementskit-post-footer\">\n                                                                                            <p>Aufbau und Leitung mehrerer Entwicklungs- und Beratungs-Teams zur Softwareentwicklung, IT-Beratung und zum IT-Betrieb in agilen und flexiblen Kundenumfeldern. LEISTUNGEN Vorgehensliste Marktanalysen unter Ber\u00fccksichtigung der Unternehmens-Strategie f\u00fcr den zielgerechten Aufbau geeigneter&hellip;<\/p>\n                                                                                                                                <\/div><!-- .elementskit-post-footer END -->\n                                                                    <\/div><!-- .elementskit-post-body END -->\n                            <\/div>\n                        <\/div>\n                    <\/div><!-- .elementskit-blog-block-post .radius .gradient-bg END -->\n                \n            <\/div>\n                    <div class=\"col-md-12\">\n\n                                    <div class=\"elementskit-blog-block-post\">\n                        <div class=\"row no-gutters\">\n                                                            <div class=\"col-md-6 order-1\">\n                                    <a href=\"https:\/\/highprocstruc.com\/de\/project-060\/\" class=\"elementskit-entry-thumb\">\n                                        <img decoding=\"async\" data-src=\"https:\/\/highprocstruc.com\/de\/wp-content\/uploads\/2019\/02\/project_060_it_strategy_development-768x456.png\" alt=\"Entwicklung und Umsetzung der IT-Strategie in einem Unternehmen der Technologieberatung\" src=\"data:image\/svg+xml;base64,PHN2ZyB3aWR0aD0iMSIgaGVpZ2h0PSIxIiB4bWxucz0iaHR0cDovL3d3dy53My5vcmcvMjAwMC9zdmciPjwvc3ZnPg==\" class=\"lazyload\" style=\"--smush-placeholder-width: 768px; --smush-placeholder-aspect-ratio: 768\/456;\">\n                                    <\/a><!-- .elementskit-entry-thumb END -->\n                                <\/div>\n                            \n                            <div class=\"col-md-6 order-2\">\n                                <div class=\"elementskit-post-body \">\n                                    <div class=\"elementskit-entry-header\">\n                                        \n                                                                                            \t\t\t\t\t                                            \n                                            \n                                                                                            \t\t\t\t<h2 class=\"entry-title\">\n\t\t\t\t\t<a href=\"https:\/\/highprocstruc.com\/de\/project-060\/\">\n\t\t\t\t\t\tEntwicklung und Umsetzung der IT-Strategie in einem Unternehmen der Technologieberatung\t\t\t\t\t<\/a>\n\t\t\t\t<\/h2>\n\t\t\t                                                                                <\/div><!-- .elementskit-entry-header END -->\n\n                                                                            <div class=\"elementskit-post-footer\">\n                                                                                            <p>Die Strategieentwicklung in der Technologieberatung ist von hoher Bedeutung f\u00fcr die Profitabilit\u00e4t und das Bestehen am schnellebigen Markt. Insbesondere im High-Tech-Bereich gilt es, die Strategie stetig anzupassen und so zu&hellip;<\/p>\n                                                                                                                                <\/div><!-- .elementskit-post-footer END -->\n                                                                    <\/div><!-- .elementskit-post-body END -->\n                            <\/div>\n                        <\/div>\n                    <\/div><!-- .elementskit-blog-block-post .radius .gradient-bg END -->\n                \n            <\/div>\n                    <div class=\"col-md-12\">\n\n                                    <div class=\"elementskit-blog-block-post\">\n                        <div class=\"row no-gutters\">\n                                                            <div class=\"col-md-6 order-1\">\n                                    <a href=\"https:\/\/highprocstruc.com\/de\/project-021\/\" class=\"elementskit-entry-thumb\">\n                                        <img decoding=\"async\" data-src=\"https:\/\/highprocstruc.com\/de\/wp-content\/uploads\/2014\/11\/project_021_permium_it_service_company_buildup.png\" alt=\"Unternehmensaufbau und -betrieb eines Premium-IT-Dienstelsitungsunternehmens f\u00fcr kleine und mittlere Unternehmen mit erh\u00f6htem Sicherheitsbedarf\" src=\"data:image\/svg+xml;base64,PHN2ZyB3aWR0aD0iMSIgaGVpZ2h0PSIxIiB4bWxucz0iaHR0cDovL3d3dy53My5vcmcvMjAwMC9zdmciPjwvc3ZnPg==\" class=\"lazyload\" style=\"--smush-placeholder-width: 592px; --smush-placeholder-aspect-ratio: 592\/428;\">\n                                    <\/a><!-- .elementskit-entry-thumb END -->\n                                <\/div>\n                            \n                            <div class=\"col-md-6 order-2\">\n                                <div class=\"elementskit-post-body \">\n                                    <div class=\"elementskit-entry-header\">\n                                        \n                                                                                            \t\t\t\t\t                                            \n                                            \n                                                                                            \t\t\t\t<h2 class=\"entry-title\">\n\t\t\t\t\t<a href=\"https:\/\/highprocstruc.com\/de\/project-021\/\">\n\t\t\t\t\t\tUnternehmensaufbau und -betrieb eines Premium-IT-Dienstelsitungsunternehmens f\u00fcr kleine und mittlere Unternehmen mit erh\u00f6htem Sicherheitsbedarf\t\t\t\t\t<\/a>\n\t\t\t\t<\/h2>\n\t\t\t                                                                                <\/div><!-- .elementskit-entry-header END -->\n\n                                                                            <div class=\"elementskit-post-footer\">\n                                                                                            <p>Planung und Aufbau eines Premium-IT-Dienstleistungsunternehmens mit dem Fokus auf kleine und mittelst\u00e4ndige Unternehmen, die aufgrund Ihrer Aufgabe und Kundenklientel einer erh\u00f6htes Schutz- und Datenschutz-Anforderung ausgesetzt sind. Dies sind insbesondere Unternehmen&hellip;<\/p>\n                                                                                                                                <\/div><!-- .elementskit-post-footer END -->\n                                                                    <\/div><!-- .elementskit-post-body END -->\n                            <\/div>\n                        <\/div>\n                    <\/div><!-- .elementskit-blog-block-post .radius .gradient-bg END -->\n                \n            <\/div>\n                <\/div>\n       <\/div>\t\t\t\t<\/div>\n\t\t<div class=\"elementor-element elementor-element-294a6e7 e-con-full e-flex e-con e-child\" data-id=\"294a6e7\" data-element_type=\"container\" data-settings=\"{&quot;wdb_enable_cursor_hover_effect_text&quot;:&quot;View&quot;}\">\n\t\t<div class=\"elementor-element elementor-element-7bb4262 e-con-full e-flex e-con e-child\" data-id=\"7bb4262\" data-element_type=\"container\" data-settings=\"{&quot;wdb_enable_cursor_hover_effect_text&quot;:&quot;View&quot;}\">\n\t\t\t\t<div class=\"elementor-element elementor-element-e8d1ef7 elementor-widget elementor-widget-shortcode\" data-id=\"e8d1ef7\" data-element_type=\"widget\" data-widget_type=\"shortcode.default\">\n\t\t\t\t\t\t\t<div class=\"elementor-shortcode\"><h4><a href=\"https:\/\/highprocstruc.com\/de\/category\/project\/services\/team-set-up-management-and-development\/\" title=\"Zeigt eine Liste mit allen 17 Projekten dieses Bereichs an.\" target=\"_blank\">Alle 17 Projekte in diesem Bereich anzeigen ...<\/a><\/h4><\/div>\n\t\t\t\t\t\t<\/div>\n\t\t\t\t<\/div>\n\t\t\t\t<\/div>\n\t\t\t\t\t<\/div>\n\t\t\t\t<\/div>\n\t\t\t\t<\/div>\n\t\t","protected":false},"excerpt":{"rendered":"<p>highprocstruc Team-Aufbau, -F\u00fchrung &amp; Entwicklung PROZESSE | STRUKTUREN | HIGH-TECH TEAMS ENTWICKELN UND ZUR PERFORMANCE F\u00dcHREN Durch unsere langj\u00e4hrige Erfahrung im Aufbau, der F\u00fchrung und der Entwicklung von Teams mit h\u00f6chster Leistung und brillanten Ergebnissen wissen wir, worauf es ankommt. Wir helfen unseren Kunden durch unser geschultes Auge, die richtigen Mitarbeiter an Bord zu nehmen, [&hellip;]<\/p>\n","protected":false},"author":1,"featured_media":0,"parent":4833,"menu_order":0,"comment_status":"closed","ping_status":"closed","template":"elementor_header_footer","meta":{"footnotes":""},"class_list":["post-5074","page","type-page","status-publish","hentry"],"_links":{"self":[{"href":"https:\/\/highprocstruc.com\/de\/wp-json\/wp\/v2\/pages\/5074","targetHints":{"allow":["GET"]}}],"collection":[{"href":"https:\/\/highprocstruc.com\/de\/wp-json\/wp\/v2\/pages"}],"about":[{"href":"https:\/\/highprocstruc.com\/de\/wp-json\/wp\/v2\/types\/page"}],"author":[{"embeddable":true,"href":"https:\/\/highprocstruc.com\/de\/wp-json\/wp\/v2\/users\/1"}],"replies":[{"embeddable":true,"href":"https:\/\/highprocstruc.com\/de\/wp-json\/wp\/v2\/comments?post=5074"}],"version-history":[{"count":10,"href":"https:\/\/highprocstruc.com\/de\/wp-json\/wp\/v2\/pages\/5074\/revisions"}],"predecessor-version":[{"id":8689,"href":"https:\/\/highprocstruc.com\/de\/wp-json\/wp\/v2\/pages\/5074\/revisions\/8689"}],"up":[{"embeddable":true,"href":"https:\/\/highprocstruc.com\/de\/wp-json\/wp\/v2\/pages\/4833"}],"wp:attachment":[{"href":"https:\/\/highprocstruc.com\/de\/wp-json\/wp\/v2\/media?parent=5074"}],"curies":[{"name":"wp","href":"https:\/\/api.w.org\/{rel}","templated":true}]}}