{"id":5073,"date":"2025-07-09T14:57:49","date_gmt":"2025-07-09T14:57:49","guid":{"rendered":"http:\/\/highprocstruc.com\/?page_id=5073"},"modified":"2025-08-30T07:22:29","modified_gmt":"2025-08-30T07:22:29","slug":"rescue-operations","status":"publish","type":"page","link":"https:\/\/highprocstruc.com\/de\/our-services\/rescue-operations\/","title":{"rendered":"Rescue Operations"},"content":{"rendered":"\t\t<div data-elementor-type=\"wp-page\" data-elementor-id=\"5073\" class=\"elementor elementor-5073\">\n\t\t\t\t<div class=\"elementor-element elementor-element-1ba749d e-flex e-con-boxed e-con e-parent\" data-id=\"1ba749d\" data-element_type=\"container\" data-settings=\"{&quot;wdb_enable_cursor_hover_effect_text&quot;:&quot;View&quot;,&quot;background_background&quot;:&quot;gradient&quot;}\">\n\t\t\t\t\t<div class=\"e-con-inner\">\n\t\t<div class=\"elementor-element elementor-element-014bcf1 e-con-full e-flex e-con e-child\" data-id=\"014bcf1\" data-element_type=\"container\" data-settings=\"{&quot;wdb_enable_cursor_hover_effect_text&quot;:&quot;View&quot;}\">\n\t\t<div class=\"elementor-element elementor-element-0d8e462 e-con-full e-flex e-con e-child\" data-id=\"0d8e462\" data-element_type=\"container\" data-settings=\"{&quot;wdb_enable_cursor_hover_effect_text&quot;:&quot;View&quot;}\">\n\t\t<div class=\"elementor-element elementor-element-5e16a6a e-con-full e-flex e-con e-child\" data-id=\"5e16a6a\" data-element_type=\"container\" data-settings=\"{&quot;wdb_enable_cursor_hover_effect_text&quot;:&quot;View&quot;}\">\n\t\t\t\t<div class=\"elementor-element elementor-element-b774edc elementor-widget__width-initial elementor-widget-tablet__width-inherit elementor-widget elementor-widget-heading\" data-id=\"b774edc\" data-element_type=\"widget\" data-widget_type=\"heading.default\">\n\t\t\t\t\t<p class=\"elementor-heading-title elementor-size-default\"> highprocstruc<\/p>\t\t\t\t<\/div>\n\t\t\t\t<div class=\"elementor-element elementor-element-6e95930 elementor-widget__width-initial elementor-widget-tablet__width-inherit elementor-widget elementor-widget-heading\" data-id=\"6e95930\" data-element_type=\"widget\" data-widget_type=\"heading.default\">\n\t\t\t\t\t<p class=\"elementor-heading-title elementor-size-default\">Rettungseins\u00e4tze<\/p>\t\t\t\t<\/div>\n\t\t\t\t<\/div>\n\t\t<div class=\"elementor-element elementor-element-6ffaa36 e-con-full e-flex e-con e-child\" data-id=\"6ffaa36\" data-element_type=\"container\" data-settings=\"{&quot;wdb_enable_cursor_hover_effect_text&quot;:&quot;View&quot;}\">\n\t\t\t\t<div class=\"elementor-element elementor-element-78924af elementor-widget-mobile__width-inherit elementor-widget elementor-widget-text-editor\" data-id=\"78924af\" data-element_type=\"widget\" data-widget_type=\"text-editor.default\">\n\t\t\t\t\t\t\t\t\t<p>PROZESSE | STRUKTUREN | HIGH-TECH<\/p>\t\t\t\t\t\t\t\t<\/div>\n\t\t\t\t<\/div>\n\t\t\t\t<\/div>\n\t\t<div class=\"elementor-element elementor-element-af2cad7 e-con-full e-flex e-con e-child\" data-id=\"af2cad7\" data-element_type=\"container\" data-settings=\"{&quot;wdb_enable_cursor_hover_effect_text&quot;:&quot;View&quot;,&quot;background_background&quot;:&quot;classic&quot;}\">\n\t\t\t\t<\/div>\n\t\t\t\t<\/div>\n\t\t\t\t\t<\/div>\n\t\t\t\t<\/div>\n\t\t<div class=\"elementor-element elementor-element-d27ffa5 e-flex e-con-boxed e-con e-parent\" data-id=\"d27ffa5\" data-element_type=\"container\" data-settings=\"{&quot;wdb_enable_cursor_hover_effect_text&quot;:&quot;View&quot;}\">\n\t\t\t\t\t<div class=\"e-con-inner\">\n\t\t\t\t<div class=\"elementor-element elementor-element-5ca5d96 elementor-widget elementor-widget-spacer\" data-id=\"5ca5d96\" data-element_type=\"widget\" data-widget_type=\"spacer.default\">\n\t\t\t\t\t\t\t<div class=\"elementor-spacer\">\n\t\t\t<div class=\"elementor-spacer-inner\"><\/div>\n\t\t<\/div>\n\t\t\t\t\t\t<\/div>\n\t\t\t\t\t<\/div>\n\t\t\t\t<\/div>\n\t\t<div class=\"elementor-element elementor-element-5e5f943 e-flex e-con-boxed e-con e-parent\" data-id=\"5e5f943\" data-element_type=\"container\" data-settings=\"{&quot;wdb_enable_cursor_hover_effect_text&quot;:&quot;View&quot;}\">\n\t\t\t\t\t<div class=\"e-con-inner\">\n\t\t\t\t<div class=\"elementor-element elementor-element-1cf0a4b elementor-widget__width-initial elementor-widget elementor-widget-heading\" data-id=\"1cf0a4b\" data-element_type=\"widget\" data-widget_type=\"heading.default\">\n\t\t\t\t\t<h2 class=\"elementor-heading-title elementor-size-default\">PROJEKT IN SCHIEFLAGE? TEAMS AM LIMIT? BETRIEB GEF\u00c4HRDET? \u2013 WIR HELFEN!<\/h2>\t\t\t\t<\/div>\n\t\t\t\t\t<\/div>\n\t\t\t\t<\/div>\n\t\t<div class=\"elementor-element elementor-element-a9c35a1 e-flex e-con-boxed e-con e-parent\" data-id=\"a9c35a1\" data-element_type=\"container\" data-settings=\"{&quot;wdb_enable_cursor_hover_effect_text&quot;:&quot;View&quot;}\">\n\t\t\t\t\t<div class=\"e-con-inner\">\n\t\t<div class=\"elementor-element elementor-element-f5f683c e-con-full e-flex e-con e-child\" data-id=\"f5f683c\" data-element_type=\"container\" data-settings=\"{&quot;wdb_enable_cursor_hover_effect_text&quot;:&quot;View&quot;}\">\n\t\t\t\t<\/div>\n\t\t<div class=\"elementor-element elementor-element-daeee70 e-con-full e-flex e-con e-child\" data-id=\"daeee70\" data-element_type=\"container\" data-settings=\"{&quot;wdb_enable_cursor_hover_effect_text&quot;:&quot;View&quot;}\">\n\t\t\t\t<div class=\"elementor-element elementor-element-01c7fc5 elementor-widget__width-initial elementor-widget-mobile__width-inherit elementor-widget elementor-widget-text-editor\" data-id=\"01c7fc5\" data-element_type=\"widget\" data-widget_type=\"text-editor.default\">\n\t\t\t\t\t\t\t\t\t<p>Uns sind unz\u00e4hlige Projekte, die wir in auswegloser Situation \u00fcbernommen haben, Teams, die zerstritten, Partner oder Lieferanten, die sich feindlich gesonnen waren und Erfolgseinbr\u00fcche, die nicht erkl\u00e4rbar waren, begegnet. Wir kennen die Feuerh\u00f6llen, in denen sich unsere Kunden befunden haben. \u2013 Und wir sind mit Recht stolz darauf, in allen Katastrophen bestanden, die Feuergel\u00f6scht, die Teams befriedet und die Schieflagen beseitigt zu haben.<\/p><p>Lassen Sie uns schnell ins Gespr\u00e4ch kommen, damit Ihre Schmerzen umgehend gelindert und zeitnah beseitigt werden k\u00f6nnen!<\/p>\t\t\t\t\t\t\t\t<\/div>\n\t\t\t\t<\/div>\n\t\t<div class=\"elementor-element elementor-element-0b94e7a e-con-full e-flex e-con e-child\" data-id=\"0b94e7a\" data-element_type=\"container\" data-settings=\"{&quot;wdb_enable_cursor_hover_effect_text&quot;:&quot;View&quot;}\">\n\t\t\t\t<div class=\"elementor-element elementor-element-cfefa98 elementor-widget__width-initial elementor-widget elementor-widget-heading\" data-id=\"cfefa98\" data-element_type=\"widget\" data-widget_type=\"heading.default\">\n\t\t\t\t\t<div class=\"elementor-heading-title elementor-size-default\">Aufgaben in diesem Bereich<\/div>\t\t\t\t<\/div>\n\t\t\t\t<div class=\"elementor-element elementor-element-dfba363 elementor-widget elementor-widget-shortcode\" data-id=\"dfba363\" data-element_type=\"widget\" data-widget_type=\"shortcode.default\">\n\t\t\t\t\t\t\t<div class=\"elementor-shortcode\"><ul><li><b>Konflikte<\/b><\/li><ul><li><b>Konfliktberatung (<a href=\"https:\/\/highprocstruc.com\/de\/category\/project\/services\/rescue-operations\/conflicts\/conflict-counseling\/\" title=\"See all 7 projects with this characteristic ...\" target=\"_blank\">7<\/a>)<\/b><\/li><ul><\/ul><li><b>Konfliktl\u00f6sung (<a href=\"https:\/\/highprocstruc.com\/de\/category\/project\/services\/rescue-operations\/conflicts\/conflict-resolution\/\" title=\"See all 13 projects with this characteristic ...\" target=\"_blank\">13<\/a>)<\/b><\/li><ul><\/ul><li><b>Konfliktmanagement (<a href=\"https:\/\/highprocstruc.com\/de\/category\/project\/services\/rescue-operations\/conflicts\/conflict-management\/\" title=\"See all 11 projects with this characteristic ...\" target=\"_blank\">11<\/a>)<\/b><\/li><ul><\/ul><li><b>Mediation (<a href=\"https:\/\/highprocstruc.com\/de\/category\/project\/services\/rescue-operations\/conflicts\/mediation\/\" title=\"See all 9 projects with this characteristic ...\" target=\"_blank\">9<\/a>)<\/b><\/li><ul><\/ul><\/ul><li><b>Krisen<\/b><\/li><ul><li><b>Deeskalationsmanagement (<a href=\"https:\/\/highprocstruc.com\/de\/category\/project\/services\/rescue-operations\/crisis\/de-escalation-management\/\" title=\"See all 9 projects with this characteristic ...\" target=\"_blank\">9<\/a>)<\/b><\/li><ul><\/ul><li><b>Krisenmanagement (<a href=\"https:\/\/highprocstruc.com\/de\/category\/project\/services\/rescue-operations\/crisis\/crisis-management\/\" title=\"See all 6 projects with this characteristic ...\" target=\"_blank\">6<\/a>)<\/b><\/li><ul><\/ul><\/ul><li><b>Strukturierung<\/b><\/li><ul><li><b>Restrukturierungsunterst\u00fctzung (<a href=\"https:\/\/highprocstruc.com\/de\/category\/project\/services\/rescue-operations\/structural\/restructuring-support\/\" title=\"See all 9 projects with this characteristic ...\" target=\"_blank\">9<\/a>)<\/b><\/li><ul><\/ul><\/ul><\/ul><\/div>\n\t\t\t\t\t\t<\/div>\n\t\t\t\t<\/div>\n\t\t<div class=\"elementor-element elementor-element-3f9f145 e-con-full e-flex e-con e-child\" data-id=\"3f9f145\" data-element_type=\"container\" data-settings=\"{&quot;wdb_enable_cursor_hover_effect_text&quot;:&quot;View&quot;}\">\n\t\t\t\t<\/div>\n\t\t\t\t\t<\/div>\n\t\t\t\t<\/div>\n\t\t<div class=\"elementor-element elementor-element-1657d7d e-con-full e-flex e-con e-parent\" data-id=\"1657d7d\" data-element_type=\"container\" data-settings=\"{&quot;wdb_enable_cursor_hover_effect_text&quot;:&quot;View&quot;}\">\n\t\t\t\t<div class=\"elementor-element elementor-element-e788e06 elementor-widget__width-initial elementor-widget elementor-widget-heading\" data-id=\"e788e06\" data-element_type=\"widget\" data-widget_type=\"heading.default\">\n\t\t\t\t\t<h2 class=\"elementor-heading-title elementor-size-default\">Einige unserer Projekteerfahrungen in diesem Bereich<\/h2>\t\t\t\t<\/div>\n\t\t\t\t<div class=\"elementor-element elementor-element-fde82a1 elementor-widget__width-inherit elementor-widget-mobile__width-inherit elementor-widget elementor-widget-text-editor\" data-id=\"fde82a1\" data-element_type=\"widget\" data-widget_type=\"text-editor.default\">\n\t\t\t\t\t\t\t\t\t<p style=\"text-align: center;\">Schauen Sie gerne in unsere Erfahrungen hierzu&#8230;<\/p>\t\t\t\t\t\t\t\t<\/div>\n\t\t\t\t<\/div>\n\t\t<div class=\"elementor-element elementor-element-4d6aabf e-flex e-con-boxed e-con e-parent\" data-id=\"4d6aabf\" data-element_type=\"container\" data-settings=\"{&quot;wdb_enable_cursor_hover_effect_text&quot;:&quot;View&quot;}\">\n\t\t\t\t\t<div class=\"e-con-inner\">\n\t\t\t\t<div class=\"elementor-element elementor-element-f8a09bf elementor-widget elementor-widget-elementskit-blog-posts\" data-id=\"f8a09bf\" data-element_type=\"widget\" data-widget_type=\"elementskit-blog-posts.default\">\n\t\t\t\t\t<div class=\"ekit-wid-con\" >        <div id=\"post-items--f8a09bf\" class=\"row post-items\">\n                    <div class=\"col-md-12\">\n\n                                    <div class=\"elementskit-blog-block-post\">\n                        <div class=\"row no-gutters\">\n                                                            <div class=\"col-md-6 order-1\">\n                                    <a href=\"https:\/\/highprocstruc.com\/de\/project-015\/\" class=\"elementskit-entry-thumb\">\n                                        <img decoding=\"async\" data-src=\"https:\/\/highprocstruc.com\/de\/wp-content\/uploads\/2010\/10\/project_015_global_project_management-768x456.png\" alt=\"Weltweite Einf\u00fchrung einer einheitlichen  Projekt- und Ressourcen-Management-Plattform\" src=\"data:image\/svg+xml;base64,PHN2ZyB3aWR0aD0iMSIgaGVpZ2h0PSIxIiB4bWxucz0iaHR0cDovL3d3dy53My5vcmcvMjAwMC9zdmciPjwvc3ZnPg==\" class=\"lazyload\" style=\"--smush-placeholder-width: 768px; --smush-placeholder-aspect-ratio: 768\/456;\">\n                                    <\/a><!-- .elementskit-entry-thumb END -->\n                                <\/div>\n                            \n                            <div class=\"col-md-6 order-2\">\n                                <div class=\"elementskit-post-body \">\n                                    <div class=\"elementskit-entry-header\">\n                                        \n                                                                                            \t\t\t\t\t                                            \n                                            \n                                                                                            \t\t\t\t<h2 class=\"entry-title\">\n\t\t\t\t\t<a href=\"https:\/\/highprocstruc.com\/de\/project-015\/\">\n\t\t\t\t\t\tWeltweite Einf\u00fchrung einer einheitlichen  Projekt- und Ressourcen-Management-Plattform\t\t\t\t\t<\/a>\n\t\t\t\t<\/h2>\n\t\t\t                                                                                <\/div><!-- .elementskit-entry-header END -->\n\n                                                                            <div class=\"elementskit-post-footer\">\n                                                                                            <p>F\u00fcr die weltweite Einf\u00fchrung eines einheitlichen Projekt- und Ressourcen-Management-Werkzeugs, welches f\u00fcr die \u00fcber 400 strategischen Projekte verpflichtend verwendet werden muss und \u00fcber 2000 Benutzern zur Verf\u00fcgung steht, wurde einerseits die&hellip;<\/p>\n                                                                                                                                <\/div><!-- .elementskit-post-footer END -->\n                                                                    <\/div><!-- .elementskit-post-body END -->\n                            <\/div>\n                        <\/div>\n                    <\/div><!-- .elementskit-blog-block-post .radius .gradient-bg END -->\n                \n            <\/div>\n                    <div class=\"col-md-12\">\n\n                                    <div class=\"elementskit-blog-block-post\">\n                        <div class=\"row no-gutters\">\n                                                            <div class=\"col-md-6 order-1\">\n                                    <a href=\"https:\/\/highprocstruc.com\/de\/project-016\/\" class=\"elementskit-entry-thumb\">\n                                        <img decoding=\"async\" data-src=\"https:\/\/highprocstruc.com\/de\/wp-content\/uploads\/2011\/05\/project_016_electronic_procurment_nationwide-768x456.png\" alt=\"Elektronisches Beschaffungswesen f\u00fcr die Bundesbeschaffung eines Landes\" src=\"data:image\/svg+xml;base64,PHN2ZyB3aWR0aD0iMSIgaGVpZ2h0PSIxIiB4bWxucz0iaHR0cDovL3d3dy53My5vcmcvMjAwMC9zdmciPjwvc3ZnPg==\" class=\"lazyload\" style=\"--smush-placeholder-width: 768px; --smush-placeholder-aspect-ratio: 768\/456;\">\n                                    <\/a><!-- .elementskit-entry-thumb END -->\n                                <\/div>\n                            \n                            <div class=\"col-md-6 order-2\">\n                                <div class=\"elementskit-post-body \">\n                                    <div class=\"elementskit-entry-header\">\n                                        \n                                                                                            \t\t\t\t\t                                            \n                                            \n                                                                                            \t\t\t\t<h2 class=\"entry-title\">\n\t\t\t\t\t<a href=\"https:\/\/highprocstruc.com\/de\/project-016\/\">\n\t\t\t\t\t\tElektronisches Beschaffungswesen f\u00fcr die Bundesbeschaffung eines Landes\t\t\t\t\t<\/a>\n\t\t\t\t<\/h2>\n\t\t\t                                                                                <\/div><!-- .elementskit-entry-header END -->\n\n                                                                            <div class=\"elementskit-post-footer\">\n                                                                                            <p>Die eProcurement-Plattform f\u00fcr das gesamte staatliche Beschaffungswesen eines Landes ist software- und intergrationsseitig zu Betreuen und weiterzuentwickeln. LEISTUNGEN Vorgehensliste Kundenbetreuung und Anforderungsbewertung Auftragspriorisierung und Abstimmung mit der Entwicklungsabteilung Optimierung der&hellip;<\/p>\n                                                                                                                                <\/div><!-- .elementskit-post-footer END -->\n                                                                    <\/div><!-- .elementskit-post-body END -->\n                            <\/div>\n                        <\/div>\n                    <\/div><!-- .elementskit-blog-block-post .radius .gradient-bg END -->\n                \n            <\/div>\n                    <div class=\"col-md-12\">\n\n                                    <div class=\"elementskit-blog-block-post\">\n                        <div class=\"row no-gutters\">\n                                                            <div class=\"col-md-6 order-1\">\n                                    <a href=\"https:\/\/highprocstruc.com\/de\/project-017\/\" class=\"elementskit-entry-thumb\">\n                                        <img decoding=\"async\" data-src=\"https:\/\/highprocstruc.com\/de\/wp-content\/uploads\/2011\/06\/project_017_complex_procurment_process_emergency_vehicle-768x456.png\" alt=\"Komplexe Prozessgestaltung im elektronischen Beschaffungswesen f\u00fcr die Rettungsversorgung\" src=\"data:image\/svg+xml;base64,PHN2ZyB3aWR0aD0iMSIgaGVpZ2h0PSIxIiB4bWxucz0iaHR0cDovL3d3dy53My5vcmcvMjAwMC9zdmciPjwvc3ZnPg==\" class=\"lazyload\" style=\"--smush-placeholder-width: 768px; --smush-placeholder-aspect-ratio: 768\/456;\">\n                                    <\/a><!-- .elementskit-entry-thumb END -->\n                                <\/div>\n                            \n                            <div class=\"col-md-6 order-2\">\n                                <div class=\"elementskit-post-body \">\n                                    <div class=\"elementskit-entry-header\">\n                                        \n                                                                                            \t\t\t\t\t                                            \n                                            \n                                                                                            \t\t\t\t<h2 class=\"entry-title\">\n\t\t\t\t\t<a href=\"https:\/\/highprocstruc.com\/de\/project-017\/\">\n\t\t\t\t\t\tKomplexe Prozessgestaltung im elektronischen Beschaffungswesen f\u00fcr die Rettungsversorgung\t\t\t\t\t<\/a>\n\t\t\t\t<\/h2>\n\t\t\t                                                                                <\/div><!-- .elementskit-entry-header END -->\n\n                                                                            <div class=\"elementskit-post-footer\">\n                                                                                            <p>Die eProcurement-Plattform f\u00fcr die Rettungsversorgung eines Bundeslandes ist software- und intergrationsseitig zu Betreuen und weiterzuentwickeln. Die weiterentwicklungen betreffen insbesondere die Entwicklung des hochkomplexen Prozesses der Beschaffung und Ausstattung neuer Rettungswagen&hellip;<\/p>\n                                                                                                                                <\/div><!-- .elementskit-post-footer END -->\n                                                                    <\/div><!-- .elementskit-post-body END -->\n                            <\/div>\n                        <\/div>\n                    <\/div><!-- .elementskit-blog-block-post .radius .gradient-bg END -->\n                \n            <\/div>\n                <\/div>\n       <\/div>\t\t\t\t<\/div>\n\t\t<div class=\"elementor-element elementor-element-826f646 e-con-full e-flex e-con e-child\" data-id=\"826f646\" data-element_type=\"container\" data-settings=\"{&quot;wdb_enable_cursor_hover_effect_text&quot;:&quot;View&quot;}\">\n\t\t<div class=\"elementor-element elementor-element-7a3c740 e-con-full e-flex e-con e-child\" data-id=\"7a3c740\" data-element_type=\"container\" data-settings=\"{&quot;wdb_enable_cursor_hover_effect_text&quot;:&quot;View&quot;}\">\n\t\t\t\t<div class=\"elementor-element elementor-element-90e24cd elementor-widget elementor-widget-shortcode\" data-id=\"90e24cd\" data-element_type=\"widget\" data-widget_type=\"shortcode.default\">\n\t\t\t\t\t\t\t<div class=\"elementor-shortcode\"><h4><a href=\"https:\/\/highprocstruc.com\/de\/category\/project\/services\/rescue-operations\/\" title=\"Zeigt eine Liste mit allen 18 Projekten dieses Bereichs an.\" target=\"_blank\">Alle 18 Projekte in diesem Bereich anzeigen ...<\/a><\/h4><\/div>\n\t\t\t\t\t\t<\/div>\n\t\t\t\t<\/div>\n\t\t\t\t<\/div>\n\t\t\t\t\t<\/div>\n\t\t\t\t<\/div>\n\t\t\t\t<\/div>\n\t\t","protected":false},"excerpt":{"rendered":"<p>highprocstruc Rettungseins\u00e4tze PROZESSE | STRUKTUREN | HIGH-TECH PROJEKT IN SCHIEFLAGE? TEAMS AM LIMIT? BETRIEB GEF\u00c4HRDET? \u2013 WIR HELFEN! Uns sind unz\u00e4hlige Projekte, die wir in auswegloser Situation \u00fcbernommen haben, Teams, die zerstritten, Partner oder Lieferanten, die sich feindlich gesonnen waren und Erfolgseinbr\u00fcche, die nicht erkl\u00e4rbar waren, begegnet. Wir kennen die Feuerh\u00f6llen, in denen sich unsere [&hellip;]<\/p>\n","protected":false},"author":1,"featured_media":0,"parent":4833,"menu_order":0,"comment_status":"closed","ping_status":"closed","template":"elementor_header_footer","meta":{"footnotes":""},"class_list":["post-5073","page","type-page","status-publish","hentry"],"_links":{"self":[{"href":"https:\/\/highprocstruc.com\/de\/wp-json\/wp\/v2\/pages\/5073","targetHints":{"allow":["GET"]}}],"collection":[{"href":"https:\/\/highprocstruc.com\/de\/wp-json\/wp\/v2\/pages"}],"about":[{"href":"https:\/\/highprocstruc.com\/de\/wp-json\/wp\/v2\/types\/page"}],"author":[{"embeddable":true,"href":"https:\/\/highprocstruc.com\/de\/wp-json\/wp\/v2\/users\/1"}],"replies":[{"embeddable":true,"href":"https:\/\/highprocstruc.com\/de\/wp-json\/wp\/v2\/comments?post=5073"}],"version-history":[{"count":10,"href":"https:\/\/highprocstruc.com\/de\/wp-json\/wp\/v2\/pages\/5073\/revisions"}],"predecessor-version":[{"id":8671,"href":"https:\/\/highprocstruc.com\/de\/wp-json\/wp\/v2\/pages\/5073\/revisions\/8671"}],"up":[{"embeddable":true,"href":"https:\/\/highprocstruc.com\/de\/wp-json\/wp\/v2\/pages\/4833"}],"wp:attachment":[{"href":"https:\/\/highprocstruc.com\/de\/wp-json\/wp\/v2\/media?parent=5073"}],"curies":[{"name":"wp","href":"https:\/\/api.w.org\/{rel}","templated":true}]}}