{"id":5032,"date":"2025-07-09T14:24:08","date_gmt":"2025-07-09T14:24:08","guid":{"rendered":"http:\/\/highprocstruc.com\/?page_id=5032"},"modified":"2025-09-01T15:56:16","modified_gmt":"2025-09-01T15:56:16","slug":"business-it-consulting","status":"publish","type":"page","link":"https:\/\/highprocstruc.com\/de\/our-services\/business-it-consulting\/","title":{"rendered":"Business IT Consulting"},"content":{"rendered":"\t\t<div data-elementor-type=\"wp-page\" data-elementor-id=\"5032\" class=\"elementor elementor-5032\">\n\t\t\t\t<div class=\"elementor-element elementor-element-4ca31f7 e-flex e-con-boxed e-con e-parent\" data-id=\"4ca31f7\" data-element_type=\"container\" data-settings=\"{&quot;wdb_enable_cursor_hover_effect_text&quot;:&quot;View&quot;,&quot;background_background&quot;:&quot;gradient&quot;}\">\n\t\t\t\t\t<div class=\"e-con-inner\">\n\t\t<div class=\"elementor-element elementor-element-b581463 e-con-full e-flex e-con e-child\" data-id=\"b581463\" data-element_type=\"container\" data-settings=\"{&quot;wdb_enable_cursor_hover_effect_text&quot;:&quot;View&quot;}\">\n\t\t<div class=\"elementor-element elementor-element-77563b1 e-con-full e-flex e-con e-child\" data-id=\"77563b1\" data-element_type=\"container\" data-settings=\"{&quot;wdb_enable_cursor_hover_effect_text&quot;:&quot;View&quot;}\">\n\t\t<div class=\"elementor-element elementor-element-bd8a5c0 e-con-full e-flex e-con e-child\" data-id=\"bd8a5c0\" data-element_type=\"container\" data-settings=\"{&quot;wdb_enable_cursor_hover_effect_text&quot;:&quot;View&quot;}\">\n\t\t\t\t<div class=\"elementor-element elementor-element-882f4bb elementor-widget__width-initial elementor-widget-tablet__width-inherit elementor-widget elementor-widget-heading\" data-id=\"882f4bb\" data-element_type=\"widget\" data-widget_type=\"heading.default\">\n\t\t\t\t\t<p class=\"elementor-heading-title elementor-size-default\"> highprocstruc<\/p>\t\t\t\t<\/div>\n\t\t\t\t<div class=\"elementor-element elementor-element-50665c8 elementor-widget__width-initial elementor-widget-tablet__width-inherit elementor-widget elementor-widget-heading\" data-id=\"50665c8\" data-element_type=\"widget\" data-widget_type=\"heading.default\">\n\t\t\t\t\t<p class=\"elementor-heading-title elementor-size-default\">BUSINESS- &amp; IT-BERATUNG<\/p>\t\t\t\t<\/div>\n\t\t\t\t<\/div>\n\t\t<div class=\"elementor-element elementor-element-86306da e-con-full e-flex e-con e-child\" data-id=\"86306da\" data-element_type=\"container\" data-settings=\"{&quot;wdb_enable_cursor_hover_effect_text&quot;:&quot;View&quot;}\">\n\t\t\t\t<div class=\"elementor-element elementor-element-e65647f elementor-widget-mobile__width-inherit elementor-widget elementor-widget-text-editor\" data-id=\"e65647f\" data-element_type=\"widget\" data-widget_type=\"text-editor.default\">\n\t\t\t\t\t\t\t\t\t<p>PROZESSE | STRUKTUREN | HIGH-TECH<\/p>\t\t\t\t\t\t\t\t<\/div>\n\t\t\t\t<\/div>\n\t\t\t\t<\/div>\n\t\t<div class=\"elementor-element elementor-element-cc5998c e-con-full e-flex e-con e-child\" data-id=\"cc5998c\" data-element_type=\"container\" data-settings=\"{&quot;wdb_enable_cursor_hover_effect_text&quot;:&quot;View&quot;,&quot;background_background&quot;:&quot;classic&quot;}\">\n\t\t\t\t<\/div>\n\t\t\t\t<\/div>\n\t\t\t\t\t<\/div>\n\t\t\t\t<\/div>\n\t\t<div class=\"elementor-element elementor-element-fc03560 e-flex e-con-boxed e-con e-parent\" data-id=\"fc03560\" data-element_type=\"container\" data-settings=\"{&quot;wdb_enable_cursor_hover_effect_text&quot;:&quot;View&quot;}\">\n\t\t\t\t\t<div class=\"e-con-inner\">\n\t\t\t\t<div class=\"elementor-element elementor-element-382810b elementor-widget elementor-widget-spacer\" data-id=\"382810b\" data-element_type=\"widget\" data-widget_type=\"spacer.default\">\n\t\t\t\t\t\t\t<div class=\"elementor-spacer\">\n\t\t\t<div class=\"elementor-spacer-inner\"><\/div>\n\t\t<\/div>\n\t\t\t\t\t\t<\/div>\n\t\t\t\t\t<\/div>\n\t\t\t\t<\/div>\n\t\t<div class=\"elementor-element elementor-element-20ceda3 e-con-full e-flex e-con e-parent\" data-id=\"20ceda3\" data-element_type=\"container\" data-settings=\"{&quot;wdb_enable_cursor_hover_effect_text&quot;:&quot;View&quot;}\">\n\t\t\t\t<div class=\"elementor-element elementor-element-22efb19 elementor-widget__width-initial elementor-widget elementor-widget-heading\" data-id=\"22efb19\" data-element_type=\"widget\" data-widget_type=\"heading.default\">\n\t\t\t\t\t<h2 class=\"elementor-heading-title elementor-size-default\">ERFAHRUNG AUS UNZ\u00c4HLIGEN PROJEKTEN<\/h2>\t\t\t\t<\/div>\n\t\t\t\t<\/div>\n\t\t<div class=\"elementor-element elementor-element-1ed5005 e-flex e-con-boxed e-con e-parent\" data-id=\"1ed5005\" data-element_type=\"container\" data-settings=\"{&quot;wdb_enable_cursor_hover_effect_text&quot;:&quot;View&quot;}\">\n\t\t\t\t\t<div class=\"e-con-inner\">\n\t\t<div class=\"elementor-element elementor-element-ed6c019 e-con-full e-flex e-con e-child\" data-id=\"ed6c019\" data-element_type=\"container\" data-settings=\"{&quot;wdb_enable_cursor_hover_effect_text&quot;:&quot;View&quot;}\">\n\t\t\t\t<\/div>\n\t\t<div class=\"elementor-element elementor-element-dc08845 e-con-full e-flex e-con e-child\" data-id=\"dc08845\" data-element_type=\"container\" data-settings=\"{&quot;wdb_enable_cursor_hover_effect_text&quot;:&quot;View&quot;}\">\n\t\t\t\t<div class=\"elementor-element elementor-element-c81be01 elementor-widget__width-initial elementor-widget-mobile__width-inherit elementor-widget elementor-widget-text-editor\" data-id=\"c81be01\" data-element_type=\"widget\" data-widget_type=\"text-editor.default\">\n\t\t\t\t\t\t\t\t\t<p>Wir blicken auf \u00fcber 30 Jahre Projekterfahrung zur\u00fcck, in denen wir in vielen Branchen unterschiedlichster Unternehmensformen unsere Kunden nach vorne gebracht haben.<\/p><p>Wir h\u00f6ren genau hin, was unsere Kunden w\u00fcnschen, finden heraus, was die Ursachen f\u00fcr Probleme und die Wege zur Verbesserung sind, und arbeiten L\u00f6sungen aus, die unsere Kunden weiterbringen.<\/p><p>In enger Abstimmung mit unseren Kunden werden die L\u00f6sungen von uns umgesetzt und stetig an die Bedarfe des Kunden angepasst.<\/p><p>Alle Bereiche, die erfolgreiche Strukturen, effiziente Prozesse und besonders die IT-Infrastruktur und -Abl\u00e4ufe betreffen, werden von uns durchleuchtet, analysiert und optimiert.<\/p><p>Wir wissen, dass es mehr bedarf, als eine blo\u00dfe Betrachtung von Hardware, Software und Infrastrukturen. Die Strukturen und Prozesse eines Unternehmens sind stets speziell an den Bedarf anzupassen und zu optimieren. Hier profitieren unsere Kunden von unserer umfassenden Sichtweise, wirtschaftlichem Denken und unz\u00e4hligen breitfl\u00e4chigen Erfahrungen von Kleinstunternehmen bis zu weltweit agierenden Industrieunternehmen, denen wir stets erfolgreich durch mehr Effizienz, reibungslosere Betriebsabl\u00e4ufe und stabile Gesch\u00e4ftsstrukturen zu gr\u00f6\u00dferem Erfolg verholfen haben.<\/p>\t\t\t\t\t\t\t\t<\/div>\n\t\t\t\t<\/div>\n\t\t<div class=\"elementor-element elementor-element-ba523f1 e-con-full e-flex e-con e-child\" data-id=\"ba523f1\" data-element_type=\"container\" data-settings=\"{&quot;wdb_enable_cursor_hover_effect_text&quot;:&quot;View&quot;}\">\n\t\t\t\t<div class=\"elementor-element elementor-element-1ee9429 elementor-widget__width-initial elementor-widget elementor-widget-heading\" data-id=\"1ee9429\" data-element_type=\"widget\" data-widget_type=\"heading.default\">\n\t\t\t\t\t<div class=\"elementor-heading-title elementor-size-default\">Aufgaben in diesem Bereich<\/div>\t\t\t\t<\/div>\n\t\t\t\t<div class=\"elementor-element elementor-element-793256b elementor-widget elementor-widget-shortcode\" data-id=\"793256b\" data-element_type=\"widget\" data-widget_type=\"shortcode.default\">\n\t\t\t\t\t\t\t<div class=\"elementor-shortcode\"><ul><li><b>Planung<\/b><\/li><ul><li><b>Projektplanung (<a href=\"https:\/\/highprocstruc.com\/de\/category\/project\/services\/business-and-it-consulting\/planning\/project-planning\/\" title=\"See all 6 projects with this characteristic ...\" target=\"_blank\">6<\/a>)<\/b><\/li><ul><\/ul><\/ul><li><b>Prozesse<\/b><\/li><ul><li><b>Prozessanalyse (<a href=\"https:\/\/highprocstruc.com\/de\/category\/project\/services\/business-and-it-consulting\/processes\/process-analysis\/\" title=\"See all 52 projects with this characteristic ...\" target=\"_blank\">52<\/a>)<\/b><\/li><ul><\/ul><li><b>Prozessaufbau (<a href=\"https:\/\/highprocstruc.com\/de\/category\/project\/services\/business-and-it-consulting\/processes\/process-building\/\" title=\"See all 49 projects with this characteristic ...\" target=\"_blank\">49<\/a>)<\/b><\/li><ul><\/ul><li><b>Prozessdesign (<a href=\"https:\/\/highprocstruc.com\/de\/category\/project\/services\/business-and-it-consulting\/processes\/process-design\/\" title=\"See all 52 projects with this characteristic ...\" target=\"_blank\">52<\/a>)<\/b><\/li><ul><\/ul><\/ul><li><b>Rahmen<\/b><\/li><ul><li><b>Marktanalyse (<a href=\"https:\/\/highprocstruc.com\/de\/category\/project\/services\/business-and-it-consulting\/framework\/market-analysis\/\" title=\"See all 20 projects with this characteristic ...\" target=\"_blank\">20<\/a>)<\/b><\/li><ul><\/ul><li><b>Stakeholder-Analyse (<a href=\"https:\/\/highprocstruc.com\/de\/category\/project\/services\/business-and-it-consulting\/framework\/stakeholder-analysis\/\" title=\"See all 18 projects with this characteristic ...\" target=\"_blank\">18<\/a>)<\/b><\/li><ul><\/ul><\/ul><li><b>Sicherheit<\/b><\/li><ul><li><b>Datenschutzberatung (<a href=\"https:\/\/highprocstruc.com\/de\/category\/project\/services\/business-and-it-consulting\/security\/data-protection-consulting\/\" title=\"See all 39 projects with this characteristic ...\" target=\"_blank\">39<\/a>)<\/b><\/li><ul><\/ul><li><b>Risiko-Analyse (<a href=\"https:\/\/highprocstruc.com\/de\/category\/project\/services\/business-and-it-consulting\/security\/risk-analysis\/\" title=\"See all 24 projects with this characteristic ...\" target=\"_blank\">24<\/a>)<\/b><\/li><ul><\/ul><li><b>Security-Beratung (<a href=\"https:\/\/highprocstruc.com\/de\/category\/project\/services\/business-and-it-consulting\/security\/security-consulting\/\" title=\"See all 36 projects with this characteristic ...\" target=\"_blank\">36<\/a>)<\/b><\/li><ul><\/ul><\/ul><li><b>Strategisch<\/b><\/li><ul><li><b>IT-Strategieberatung (<a href=\"https:\/\/highprocstruc.com\/de\/category\/project\/services\/business-and-it-consulting\/strategic\/it-strategy-consulting\/\" title=\"See all 36 projects with this characteristic ...\" target=\"_blank\">36<\/a>)<\/b><\/li><ul><\/ul><li><b>IT-Strategieplanung (<a href=\"https:\/\/highprocstruc.com\/de\/category\/project\/services\/business-and-it-consulting\/strategic\/it-strategy-planning\/\" title=\"See all 35 projects with this characteristic ...\" target=\"_blank\">35<\/a>)<\/b><\/li><ul><\/ul><\/ul><li><b>Struktur<\/b><\/li><ul><li><b>Strukturanalyse (<a href=\"https:\/\/highprocstruc.com\/de\/category\/project\/services\/business-and-it-consulting\/structure\/structure-analysis\/\" title=\"See all 65 projects with this characteristic ...\" target=\"_blank\">65<\/a>)<\/b><\/li><ul><\/ul><li><b>Strukturaufbau (<a href=\"https:\/\/highprocstruc.com\/de\/category\/project\/services\/business-and-it-consulting\/structure\/structure-building\/\" title=\"See all 56 projects with this characteristic ...\" target=\"_blank\">56<\/a>)<\/b><\/li><ul><\/ul><li><b>Strukturdesign (<a href=\"https:\/\/highprocstruc.com\/de\/category\/project\/services\/business-and-it-consulting\/structure\/structure-design\/\" title=\"See all 61 projects with this characteristic ...\" target=\"_blank\">61<\/a>)<\/b><\/li><ul><\/ul><\/ul><li><b>Technologisch<\/b><\/li><ul><li><b>Technologieanalyse (<a href=\"https:\/\/highprocstruc.com\/de\/category\/project\/services\/business-and-it-consulting\/technologic\/technology-analysis\/\" title=\"See all 54 projects with this characteristic ...\" target=\"_blank\">54<\/a>)<\/b><\/li><ul><\/ul><li><b>Technologieauswahl (<a href=\"https:\/\/highprocstruc.com\/de\/category\/project\/services\/business-and-it-consulting\/technologic\/technology-selection\/\" title=\"See all 52 projects with this characteristic ...\" target=\"_blank\">52<\/a>)<\/b><\/li><ul><\/ul><li><b>Technologieeinsatzplanung (<a href=\"https:\/\/highprocstruc.com\/de\/category\/project\/services\/business-and-it-consulting\/technologic\/technology-deployment-planning\/\" title=\"See all 52 projects with this characteristic ...\" target=\"_blank\">52<\/a>)<\/b><\/li><ul><\/ul><\/ul><\/ul><\/div>\n\t\t\t\t\t\t<\/div>\n\t\t\t\t<\/div>\n\t\t<div class=\"elementor-element elementor-element-f9dfc33 e-con-full e-flex e-con e-child\" data-id=\"f9dfc33\" data-element_type=\"container\" data-settings=\"{&quot;wdb_enable_cursor_hover_effect_text&quot;:&quot;View&quot;}\">\n\t\t\t\t<\/div>\n\t\t\t\t\t<\/div>\n\t\t\t\t<\/div>\n\t\t<div class=\"elementor-element elementor-element-f59e537 e-con-full e-flex e-con e-parent\" data-id=\"f59e537\" data-element_type=\"container\" data-settings=\"{&quot;wdb_enable_cursor_hover_effect_text&quot;:&quot;View&quot;}\">\n\t\t\t\t<div class=\"elementor-element elementor-element-9f02a38 elementor-widget__width-initial elementor-widget elementor-widget-heading\" data-id=\"9f02a38\" data-element_type=\"widget\" data-widget_type=\"heading.default\">\n\t\t\t\t\t<h2 class=\"elementor-heading-title elementor-size-default\">Einige unserer Projekteerfahrungen in diesem Bereich<\/h2>\t\t\t\t<\/div>\n\t\t\t\t<div class=\"elementor-element elementor-element-2d7021a elementor-widget__width-inherit elementor-widget-mobile__width-inherit elementor-widget elementor-widget-text-editor\" data-id=\"2d7021a\" data-element_type=\"widget\" data-widget_type=\"text-editor.default\">\n\t\t\t\t\t\t\t\t\t<p style=\"text-align: center;\">\u00dcberzeugen Sie sich und schauen sie sich einige unserer Projekte an, die unsere Bandbreite aufzeigen&#8230;<\/p>\t\t\t\t\t\t\t\t<\/div>\n\t\t\t\t<\/div>\n\t\t<div class=\"elementor-element elementor-element-de27cbd e-flex e-con-boxed e-con e-parent\" data-id=\"de27cbd\" data-element_type=\"container\" data-settings=\"{&quot;wdb_enable_cursor_hover_effect_text&quot;:&quot;View&quot;}\">\n\t\t\t\t\t<div class=\"e-con-inner\">\n\t\t\t\t<div class=\"elementor-element elementor-element-8a30436 elementor-widget elementor-widget-elementskit-blog-posts\" data-id=\"8a30436\" data-element_type=\"widget\" data-widget_type=\"elementskit-blog-posts.default\">\n\t\t\t\t\t<div class=\"ekit-wid-con\" >        <div id=\"post-items--8a30436\" class=\"row post-items\">\n                    <div class=\"col-md-12\">\n\n                                    <div class=\"elementskit-blog-block-post\">\n                        <div class=\"row no-gutters\">\n                                                            <div class=\"col-md-6 order-1\">\n                                    <a href=\"https:\/\/highprocstruc.com\/de\/project-067\/\" class=\"elementskit-entry-thumb\">\n                                        <img decoding=\"async\" data-src=\"https:\/\/highprocstruc.com\/de\/wp-content\/uploads\/2025\/05\/project_067_websitdemarketinsocial_media_adventure_tourism-768x456.png\" alt=\"Website-Entwicklung &#038; -Umsetzung\" src=\"data:image\/svg+xml;base64,PHN2ZyB3aWR0aD0iMSIgaGVpZ2h0PSIxIiB4bWxucz0iaHR0cDovL3d3dy53My5vcmcvMjAwMC9zdmciPjwvc3ZnPg==\" class=\"lazyload\" style=\"--smush-placeholder-width: 768px; --smush-placeholder-aspect-ratio: 768\/456;\">\n                                    <\/a><!-- .elementskit-entry-thumb END -->\n                                <\/div>\n                            \n                            <div class=\"col-md-6 order-2\">\n                                <div class=\"elementskit-post-body \">\n                                    <div class=\"elementskit-entry-header\">\n                                        \n                                                                                            \t\t\t\t\t                                            \n                                            \n                                                                                            \t\t\t\t<h2 class=\"entry-title\">\n\t\t\t\t\t<a href=\"https:\/\/highprocstruc.com\/de\/project-067\/\">\n\t\t\t\t\t\tWebsite-Entwicklung &#038; -Umsetzung\t\t\t\t\t<\/a>\n\t\t\t\t<\/h2>\n\t\t\t                                                                                <\/div><!-- .elementskit-entry-header END -->\n\n                                                                            <div class=\"elementskit-post-footer\">\n                                                                                            <p>F\u00fcr einen Kunden im Bereich Event-Angebote und Freizeitaktivit\u00e4ten war ein Konzept zur Vermarktung zu entwickeln und umzusetzen, sowie mit den erforderlichen Anbindungen an verschiedene Online-Plattformen eine Internetpr\u00e4senz zu planen und&hellip;<\/p>\n                                                                                                                                <\/div><!-- .elementskit-post-footer END -->\n                                                                    <\/div><!-- .elementskit-post-body END -->\n                            <\/div>\n                        <\/div>\n                    <\/div><!-- .elementskit-blog-block-post .radius .gradient-bg END -->\n                \n            <\/div>\n                <\/div>\n       <\/div>\t\t\t\t<\/div>\n\t\t\t\t<div class=\"elementor-element elementor-element-e5577b3 elementor-widget elementor-widget-elementskit-blog-posts\" data-id=\"e5577b3\" data-element_type=\"widget\" data-widget_type=\"elementskit-blog-posts.default\">\n\t\t\t\t\t<div class=\"ekit-wid-con\" >        <div id=\"post-items--e5577b3\" class=\"row post-items\">\n                    <div class=\"col-md-12\">\n\n                                    <div class=\"elementskit-blog-block-post\">\n                        <div class=\"row no-gutters\">\n                                                            <div class=\"col-md-6 order-1\">\n                                    <a href=\"https:\/\/highprocstruc.com\/de\/project-069\/\" class=\"elementskit-entry-thumb\">\n                                        <img decoding=\"async\" data-src=\"https:\/\/highprocstruc.com\/de\/wp-content\/uploads\/2025\/03\/project_069_websitemarketingcontent_technology_consulting-768x456.png\" alt=\"Website und Content-Beratung\" src=\"data:image\/svg+xml;base64,PHN2ZyB3aWR0aD0iMSIgaGVpZ2h0PSIxIiB4bWxucz0iaHR0cDovL3d3dy53My5vcmcvMjAwMC9zdmciPjwvc3ZnPg==\" class=\"lazyload\" style=\"--smush-placeholder-width: 768px; --smush-placeholder-aspect-ratio: 768\/456;\">\n                                    <\/a><!-- .elementskit-entry-thumb END -->\n                                <\/div>\n                            \n                            <div class=\"col-md-6 order-2\">\n                                <div class=\"elementskit-post-body \">\n                                    <div class=\"elementskit-entry-header\">\n                                        \n                                                                                            \t\t\t\t\t                                            \n                                            \n                                                                                            \t\t\t\t<h2 class=\"entry-title\">\n\t\t\t\t\t<a href=\"https:\/\/highprocstruc.com\/de\/project-069\/\">\n\t\t\t\t\t\tWebsite und Content-Beratung\t\t\t\t\t<\/a>\n\t\t\t\t<\/h2>\n\t\t\t                                                                                <\/div><!-- .elementskit-entry-header END -->\n\n                                                                            <div class=\"elementskit-post-footer\">\n                                                                                            <p>F\u00fcr ein Unternehmen der Technologieberatung war eine Internetpr\u00e4senz aufzubauen, die geeignet ist, ein sehr breites Kundenspektrum anzusprechen und dabei sehr zielgerichtet auf jedes der Clientels einzugehen, dass ein Verst\u00e4ndnis f\u00fcr&hellip;<\/p>\n                                                                                                                                <\/div><!-- .elementskit-post-footer END -->\n                                                                    <\/div><!-- .elementskit-post-body END -->\n                            <\/div>\n                        <\/div>\n                    <\/div><!-- .elementskit-blog-block-post .radius .gradient-bg END -->\n                \n            <\/div>\n                <\/div>\n       <\/div>\t\t\t\t<\/div>\n\t\t\t\t<div class=\"elementor-element elementor-element-8b855ab elementor-widget elementor-widget-elementskit-blog-posts\" data-id=\"8b855ab\" data-element_type=\"widget\" data-widget_type=\"elementskit-blog-posts.default\">\n\t\t\t\t\t<div class=\"ekit-wid-con\" >        <div id=\"post-items--8b855ab\" class=\"row post-items\">\n                    <div class=\"col-md-12\">\n\n                                    <div class=\"elementskit-blog-block-post\">\n                        <div class=\"row no-gutters\">\n                                                            <div class=\"col-md-6 order-1\">\n                                    <a href=\"https:\/\/highprocstruc.com\/de\/project-021\/\" class=\"elementskit-entry-thumb\">\n                                        <img decoding=\"async\" data-src=\"https:\/\/highprocstruc.com\/de\/wp-content\/uploads\/2014\/11\/project_021_permium_it_service_company_buildup.png\" alt=\"Unternehmensaufbau und -betrieb eines Premium-IT-Dienstelsitungsunternehmens f\u00fcr kleine und mittlere Unternehmen mit erh\u00f6htem Sicherheitsbedarf\" src=\"data:image\/svg+xml;base64,PHN2ZyB3aWR0aD0iMSIgaGVpZ2h0PSIxIiB4bWxucz0iaHR0cDovL3d3dy53My5vcmcvMjAwMC9zdmciPjwvc3ZnPg==\" class=\"lazyload\" style=\"--smush-placeholder-width: 592px; --smush-placeholder-aspect-ratio: 592\/428;\">\n                                    <\/a><!-- .elementskit-entry-thumb END -->\n                                <\/div>\n                            \n                            <div class=\"col-md-6 order-2\">\n                                <div class=\"elementskit-post-body \">\n                                    <div class=\"elementskit-entry-header\">\n                                        \n                                                                                            \t\t\t\t\t                                            \n                                            \n                                                                                            \t\t\t\t<h2 class=\"entry-title\">\n\t\t\t\t\t<a href=\"https:\/\/highprocstruc.com\/de\/project-021\/\">\n\t\t\t\t\t\tUnternehmensaufbau und -betrieb eines Premium-IT-Dienstelsitungsunternehmens f\u00fcr kleine und mittlere Unternehmen mit erh\u00f6htem Sicherheitsbedarf\t\t\t\t\t<\/a>\n\t\t\t\t<\/h2>\n\t\t\t                                                                                <\/div><!-- .elementskit-entry-header END -->\n\n                                                                            <div class=\"elementskit-post-footer\">\n                                                                                            <p>Planung und Aufbau eines Premium-IT-Dienstleistungsunternehmens mit dem Fokus auf kleine und mittelst\u00e4ndige Unternehmen, die aufgrund Ihrer Aufgabe und Kundenklientel einer erh\u00f6htes Schutz- und Datenschutz-Anforderung ausgesetzt sind. Dies sind insbesondere Unternehmen&hellip;<\/p>\n                                                                                                                                <\/div><!-- .elementskit-post-footer END -->\n                                                                    <\/div><!-- .elementskit-post-body END -->\n                            <\/div>\n                        <\/div>\n                    <\/div><!-- .elementskit-blog-block-post .radius .gradient-bg END -->\n                \n            <\/div>\n                <\/div>\n       <\/div>\t\t\t\t<\/div>\n\t\t<div class=\"elementor-element elementor-element-c4fa193 e-con-full e-flex e-con e-child\" data-id=\"c4fa193\" data-element_type=\"container\" data-settings=\"{&quot;wdb_enable_cursor_hover_effect_text&quot;:&quot;View&quot;}\">\n\t\t<div class=\"elementor-element elementor-element-c4a0b8d e-con-full e-flex e-con e-child\" data-id=\"c4a0b8d\" data-element_type=\"container\" data-settings=\"{&quot;wdb_enable_cursor_hover_effect_text&quot;:&quot;View&quot;}\">\n\t\t\t\t<div class=\"elementor-element elementor-element-f1777a2 elementor-widget elementor-widget-shortcode\" data-id=\"f1777a2\" data-element_type=\"widget\" data-widget_type=\"shortcode.default\">\n\t\t\t\t\t\t\t<div class=\"elementor-shortcode\"><h4><a href=\"https:\/\/highprocstruc.com\/de\/category\/project\/services\/business-and-it-consulting\/\" title=\"Zeigt eine Liste mit allen 70 Projekten dieses Bereichs an.\" target=\"_blank\">Alle 70 Projekte in diesem Bereich anzeigen ...<\/a><\/h4><\/div>\n\t\t\t\t\t\t<\/div>\n\t\t\t\t<\/div>\n\t\t\t\t<\/div>\n\t\t\t\t\t<\/div>\n\t\t\t\t<\/div>\n\t\t\t\t<\/div>\n\t\t","protected":false},"excerpt":{"rendered":"<p>highprocstruc BUSINESS- &amp; IT-BERATUNG PROZESSE | STRUKTUREN | HIGH-TECH ERFAHRUNG AUS UNZ\u00c4HLIGEN PROJEKTEN Wir blicken auf \u00fcber 30 Jahre Projekterfahrung zur\u00fcck, in denen wir in vielen Branchen unterschiedlichster Unternehmensformen unsere Kunden nach vorne gebracht haben. Wir h\u00f6ren genau hin, was unsere Kunden w\u00fcnschen, finden heraus, was die Ursachen f\u00fcr Probleme und die Wege zur Verbesserung [&hellip;]<\/p>\n","protected":false},"author":1,"featured_media":0,"parent":4833,"menu_order":0,"comment_status":"closed","ping_status":"closed","template":"elementor_header_footer","meta":{"footnotes":""},"class_list":["post-5032","page","type-page","status-publish","hentry"],"_links":{"self":[{"href":"https:\/\/highprocstruc.com\/de\/wp-json\/wp\/v2\/pages\/5032","targetHints":{"allow":["GET"]}}],"collection":[{"href":"https:\/\/highprocstruc.com\/de\/wp-json\/wp\/v2\/pages"}],"about":[{"href":"https:\/\/highprocstruc.com\/de\/wp-json\/wp\/v2\/types\/page"}],"author":[{"embeddable":true,"href":"https:\/\/highprocstruc.com\/de\/wp-json\/wp\/v2\/users\/1"}],"replies":[{"embeddable":true,"href":"https:\/\/highprocstruc.com\/de\/wp-json\/wp\/v2\/comments?post=5032"}],"version-history":[{"count":10,"href":"https:\/\/highprocstruc.com\/de\/wp-json\/wp\/v2\/pages\/5032\/revisions"}],"predecessor-version":[{"id":8912,"href":"https:\/\/highprocstruc.com\/de\/wp-json\/wp\/v2\/pages\/5032\/revisions\/8912"}],"up":[{"embeddable":true,"href":"https:\/\/highprocstruc.com\/de\/wp-json\/wp\/v2\/pages\/4833"}],"wp:attachment":[{"href":"https:\/\/highprocstruc.com\/de\/wp-json\/wp\/v2\/media?parent=5032"}],"curies":[{"name":"wp","href":"https:\/\/api.w.org\/{rel}","templated":true}]}}